{"id":108833,"date":"2024-09-05T09:19:48","date_gmt":"2024-09-05T07:19:48","guid":{"rendered":"https:\/\/www.reiter-respiro.com\/das-respiro-versprechen\/"},"modified":"2024-09-05T09:19:51","modified_gmt":"2024-09-05T07:19:51","slug":"das-respiro-versprechen","status":"publish","type":"page","link":"https:\/\/www.reiter-respiro.com\/sv\/das-respiro-versprechen\/","title":{"rendered":"Das RESPIRO Versprechen"},"content":{"rendered":"<div class=\"wpb-content-wrapper\"><p>[vc_row row_height_percent=&#8221;50&#8243; override_padding=&#8221;yes&#8221; h_padding=&#8221;2&#8243; top_padding=&#8221;5&#8243; bottom_padding=&#8221;5&#8243; back_color=&#8221;accent&#8221; back_image=&#8221;105375&#8243; parallax=&#8221;yes&#8221; overlay_color=&#8221;color-128137&#8243; overlay_alpha=&#8221;80&#8243; equal_height=&#8221;yes&#8221; gutter_size=&#8221;4&#8243; column_width_percent=&#8221;100&#8243; shift_y=&#8221;0&#8243; z_index=&#8221;0&#8243; uncode_shortcode_id=&#8221;183042&#8243; back_color_type=&#8221;uncode-palette&#8221; overlay_color_type=&#8221;uncode-palette&#8221;][vc_column column_width_percent=&#8221;100&#8243; position_vertical=&#8221;middle&#8221; align_horizontal=&#8221;align_center&#8221; gutter_size=&#8221;3&#8243; style=&#8221;dark&#8221; overlay_alpha=&#8221;50&#8243; shift_x=&#8221;0&#8243; shift_y=&#8221;0&#8243; shift_y_down=&#8221;0&#8243; z_index=&#8221;0&#8243; medium_width=&#8221;0&#8243; mobile_width=&#8221;0&#8243; width=&#8221;1\/1&#8243;][vc_custom_heading heading_semantic=&#8221;h3&#8243; text_size=&#8221;fontsize-155944&#8243; uncode_shortcode_id=&#8221;170379&#8243;]Vi vet vilka utmaningar som finns i praktiken och erbjuder den perfekta l\u00f6sningen.[\/vc_custom_heading][vc_button border_width=&#8221;0&#8243; link=&#8221;url:mailto%3Aoffice%40reiter-respiro.com|title:Icke-bindande%20f%C3%B6rfr%C3%A5gningar|target:_blank|&#8221; uncode_shortcode_id=&#8221;215662&#8243;]Utnyttja den fulla potentialen nu.[\/vc_button][\/vc_column][\/vc_row][vc_row][vc_column column_width_percent=&#8221;100&#8243; position_vertical=&#8221;middle&#8221; align_horizontal=&#8221;align_center&#8221; gutter_size=&#8221;3&#8243; overlay_alpha=&#8221;50&#8243; shift_x=&#8221;0&#8243; shift_y=&#8221;0&#8243; shift_y_down=&#8221;0&#8243; z_index=&#8221;0&#8243; medium_width=&#8221;0&#8243; mobile_width=&#8221;0&#8243; width=&#8221;1\/1&#8243; uncode_shortcode_id=&#8221;772959&#8243;][vc_empty_space empty_h=&#8221;2&#8243;][vc_custom_heading text_color=&#8221;color-prif&#8221; text_size=&#8221;h1&#8243; uncode_shortcode_id=&#8221;123662&#8243; text_color_type=&#8221;uncode-palette&#8221;]Din biljett till det renaste fodret.[\/vc_custom_heading][\/vc_column][\/vc_row][vc_row row_height_percent=&#8221;0&#8243; override_padding=&#8221;yes&#8221; h_padding=&#8221;2&#8243; top_padding=&#8221;2&#8243; bottom_padding=&#8221;1&#8243; overlay_alpha=&#8221;50&#8243; gutter_size=&#8221;3&#8243; column_width_percent=&#8221;100&#8243; shift_y=&#8221;0&#8243; z_index=&#8221;0&#8243; uncode_shortcode_id=&#8221;507432&#8243;][vc_column column_width_percent=&#8221;100&#8243; gutter_size=&#8221;3&#8243; override_padding=&#8221;yes&#8221; column_padding=&#8221;2&#8243; back_color=&#8221;color-lxmt&#8221; overlay_alpha=&#8221;50&#8243; shift_x=&#8221;0&#8243; shift_y=&#8221;0&#8243; shift_y_down=&#8221;0&#8243; z_index=&#8221;0&#8243; medium_width=&#8221;0&#8243; mobile_width=&#8221;0&#8243; width=&#8221;1\/2&#8243; uncode_shortcode_id=&#8221;574798&#8243; back_color_type=&#8221;uncode-palette&#8221;][vc_custom_heading uncode_shortcode_id=&#8221;727986&#8243;]UTMANINGAR I PRAKTIKEN[\/vc_custom_heading][uncode_list larger=&#8221;yes&#8221; icon=&#8221;fa fa-bolt&#8221; icon_color=&#8221;accent&#8221; uncode_shortcode_id=&#8221;511172&#8243; icon_color_type=&#8221;uncode-palette&#8221;]<\/p>\n<ul>\n<li>\u00d6verdriven kontaminering i fodret<\/li>\n<li>L\u00e5g sk\u00f6rdeavkastning &#8211; f\u00f6r l\u00e5g str\u00e4ngmassa<\/li>\n<li>Steniga f\u00f6rh\u00e5llanden<\/li>\n<li>Fr\u00e4mmande f\u00f6rem\u00e5l p\u00e5 \u00e5krarna<\/li>\n<li>Besv\u00e4rliga markf\u00f6rh\u00e5llanden (sand, myr etc.)<\/li>\n<li>M\u00e5nga mullvadsh\u00f6gar<\/li>\n<li>Mycket kort gr\u00e4s &#8211; sopning ger f\u00f6r mycket smuts i fodret<\/li>\n<li>Bladgr\u00f6dor &#8211; stora f\u00f6rluster p\u00e5 grund av s\u00f6ndersmulning<\/li>\n<li>Oj\u00e4mna markf\u00f6rh\u00e5llanden<\/li>\n<li>Halmv\u00e4ndning utan stenar och damm<\/li>\n<li>Underutnyttjande av exakthacken p\u00e5 str\u00e4ngen<\/li>\n<\/ul>\n<p>[\/uncode_list][\/vc_column][vc_column column_width_percent=&#8221;100&#8243; gutter_size=&#8221;3&#8243; override_padding=&#8221;yes&#8221; column_padding=&#8221;2&#8243; back_color=&#8221;color-lxmt&#8221; overlay_alpha=&#8221;50&#8243; shift_x=&#8221;0&#8243; shift_y=&#8221;0&#8243; shift_y_down=&#8221;0&#8243; z_index=&#8221;0&#8243; medium_width=&#8221;0&#8243; mobile_width=&#8221;0&#8243; width=&#8221;1\/2&#8243; uncode_shortcode_id=&#8221;193684&#8243; back_color_type=&#8221;uncode-palette&#8221;][vc_custom_heading uncode_shortcode_id=&#8221;355192&#8243;]DITT STEG IN I FRAMTIDEN MED <em><strong><span style=\"color: #e21d27;\">RESPIRO<\/span><\/strong><\/em>[\/vc_custom_heading][uncode_list larger=&#8221;yes&#8221; icon=&#8221;fa fa-check&#8221; icon_color=&#8221;color-128137&#8243; uncode_shortcode_id=&#8221;122344&#8243; icon_color_type=&#8221;uncode-palette&#8221;]<\/p>\n<ul>\n<li>Renaste fodret fr\u00e5n f\u00f6rsta till sista snittet<\/li>\n<li>Alltid den perfekta sv\u00e4rdmassan, oavsett avkastning<\/li>\n<li>Stenar l\u00e4mnas liggande runt omkring<\/li>\n<li>Fr\u00e4mmande kroppar finns kvar i f\u00e4ltet<\/li>\n<li>Drastisk minskning av andelen sand, torv,.<\/li>\n<li>Mullvadsh\u00f6gar transporteras inte in i str\u00e4ngen<\/li>\n<li>Foder med kort gr\u00e4s f\u00f6rblir rent<\/li>\n<li>Mycket l\u00e5g bladf\u00f6rlust &#8211; h\u00f6gt proteininneh\u00e5ll<\/li>\n<li>Perfekt anpassning till oj\u00e4mna markf\u00f6rh\u00e5llanden<\/li>\n<li>Perfekt resultat vid v\u00e4ndning av halm<\/li>\n<li>Idealiska str\u00e4ngm\u00e5tt f\u00f6r exakthackar<\/li>\n<\/ul>\n<p>[\/uncode_list][\/vc_column][\/vc_row][vc_row row_height_percent=&#8221;0&#8243; override_padding=&#8221;yes&#8221; h_padding=&#8221;2&#8243; top_padding=&#8221;2&#8243; bottom_padding=&#8221;1&#8243; overlay_alpha=&#8221;50&#8243; gutter_size=&#8221;3&#8243; column_width_percent=&#8221;100&#8243; shift_y=&#8221;0&#8243; z_index=&#8221;0&#8243; uncode_shortcode_id=&#8221;507432&#8243;][vc_column column_width_percent=&#8221;100&#8243; align_horizontal=&#8221;align_center&#8221; gutter_size=&#8221;3&#8243; overlay_alpha=&#8221;50&#8243; shift_x=&#8221;0&#8243; shift_y=&#8221;0&#8243; shift_y_down=&#8221;0&#8243; z_index=&#8221;0&#8243; medium_width=&#8221;0&#8243; mobile_width=&#8221;0&#8243; width=&#8221;1\/1&#8243; uncode_shortcode_id=&#8221;114778&#8243;][vc_custom_heading heading_semantic=&#8221;h4&#8243; text_size=&#8221;h3&#8243; uncode_shortcode_id=&#8221;224263&#8243;]V\u00e4lj ditt segment s\u00e5 att du f\u00e5r specifik information som \u00e4r relevant f\u00f6r dig.[\/vc_custom_heading][\/vc_column][\/vc_row][vc_row row_height_percent=&#8221;0&#8243; override_padding=&#8221;yes&#8221; h_padding=&#8221;2&#8243; top_padding=&#8221;2&#8243; bottom_padding=&#8221;5&#8243; overlay_alpha=&#8221;50&#8243; gutter_size=&#8221;4&#8243; column_width_percent=&#8221;100&#8243; shift_y=&#8221;0&#8243; z_index=&#8221;0&#8243; medium_visibility=&#8221;yes&#8221; mobile_visibility=&#8221;yes&#8221; uncode_shortcode_id=&#8221;169019&#8243;][vc_column column_width_percent=&#8221;100&#8243; gutter_size=&#8221;3&#8243; override_padding=&#8221;yes&#8221; column_padding=&#8221;2&#8243; back_color=&#8221;color-lxmt&#8221; overlay_alpha=&#8221;50&#8243; shift_x=&#8221;0&#8243; shift_y=&#8221;0&#8243; shift_y_down=&#8221;0&#8243; z_index=&#8221;0&#8243; medium_width=&#8221;0&#8243; mobile_width=&#8221;0&#8243; width=&#8221;1\/1&#8243; uncode_shortcode_id=&#8221;818353&#8243; back_color_type=&#8221;uncode-palette&#8221;][vc_row_inner limit_content=&#8221;&#8221;][vc_column_inner column_width_percent=&#8221;100&#8243; gutter_size=&#8221;2&#8243; overlay_alpha=&#8221;50&#8243; shift_x=&#8221;0&#8243; shift_y=&#8221;0&#8243; shift_y_down=&#8221;0&#8243; z_index=&#8221;0&#8243; medium_width=&#8221;0&#8243; mobile_width=&#8221;0&#8243; width=&#8221;4\/12&#8243;][vc_custom_heading heading_semantic=&#8221;h3&#8243; text_size=&#8221;fontsize-155944&#8243; uncode_shortcode_id=&#8221;183010&#8243;]Jag \u00e4r&#8230;[\/vc_custom_heading][\/vc_column_inner][vc_column_inner column_width_percent=&#8221;100&#8243; gutter_size=&#8221;3&#8243; overlay_alpha=&#8221;50&#8243; shift_x=&#8221;0&#8243; shift_y=&#8221;0&#8243; shift_y_down=&#8221;0&#8243; z_index=&#8221;0&#8243; medium_visibility=&#8221;yes&#8221; medium_width=&#8221;0&#8243; mobile_visibility=&#8221;yes&#8221; mobile_width=&#8221;0&#8243; width=&#8221;1\/12&#8243;][\/vc_column_inner][vc_column_inner column_width_percent=&#8221;100&#8243; position_vertical=&#8221;bottom&#8221; gutter_size=&#8221;3&#8243; overlay_alpha=&#8221;50&#8243; shift_x=&#8221;0&#8243; shift_y=&#8221;0&#8243; shift_y_down=&#8221;0&#8243; z_index=&#8221;0&#8243; medium_width=&#8221;0&#8243; mobile_width=&#8221;0&#8243; width=&#8221;7\/12&#8243; uncode_shortcode_id=&#8221;917092&#8243;][\/vc_column_inner][\/vc_row_inner][vc_row_inner limit_content=&#8221;&#8221;][vc_column_inner column_width_percent=&#8221;100&#8243; gutter_size=&#8221;3&#8243; overlay_alpha=&#8221;50&#8243; shift_x=&#8221;0&#8243; shift_y=&#8221;0&#8243; shift_y_down=&#8221;0&#8243; z_index=&#8221;0&#8243; medium_width=&#8221;3&#8243; mobile_width=&#8221;3&#8243; width=&#8221;1\/3&#8243; uncode_shortcode_id=&#8221;201319&#8243;][vc_single_image media=&#8221;104638&#8243; media_poster=&#8221;yes&#8221; media_width_percent=&#8221;100&#8243; media_ratio=&#8221;three-four&#8221; custom_cursor=&#8221;accent&#8221; uncode_shortcode_id=&#8221;212301&#8243; media_link=&#8221;url:https%3A%2F%2Fwww.reiter-respiro.com%2Frespiro-nutzen-fuer-den-landwirt%2F|title:Ich%20bin%20ein%20Landwirt&#8221; title=&#8221;Lantbrukare&#8221;][\/vc_column_inner][vc_column_inner column_width_percent=&#8221;100&#8243; gutter_size=&#8221;3&#8243; overlay_alpha=&#8221;50&#8243; shift_x=&#8221;0&#8243; shift_y=&#8221;0&#8243; shift_y_down=&#8221;0&#8243; z_index=&#8221;0&#8243; medium_width=&#8221;3&#8243; mobile_width=&#8221;3&#8243; width=&#8221;1\/3&#8243; uncode_shortcode_id=&#8221;202628&#8243;][vc_single_image media=&#8221;105814&#8243; media_poster=&#8221;yes&#8221; media_width_percent=&#8221;100&#8243; media_ratio=&#8221;three-four&#8221; custom_cursor=&#8221;accent&#8221; uncode_shortcode_id=&#8221;138090&#8243; media_link=&#8221;url:https%3A%2F%2Fwww.reiter-respiro.com%2Frespiro-nutzen-lohnunternehmer%2F|title:Ich%20bin%20Lohnunternehmer&#8221; title=&#8221;Entrepren\u00f6rer&#8221;][\/vc_column_inner][vc_column_inner column_width_percent=&#8221;100&#8243; gutter_size=&#8221;3&#8243; overlay_alpha=&#8221;50&#8243; shift_x=&#8221;0&#8243; shift_y=&#8221;0&#8243; shift_y_down=&#8221;0&#8243; z_index=&#8221;0&#8243; medium_width=&#8221;3&#8243; mobile_width=&#8221;3&#8243; width=&#8221;1\/3&#8243; uncode_shortcode_id=&#8221;895053&#8243;][vc_single_image media=&#8221;105822&#8243; media_poster=&#8221;yes&#8221; media_width_percent=&#8221;100&#8243; media_ratio=&#8221;three-four&#8221; custom_cursor=&#8221;accent&#8221; uncode_shortcode_id=&#8221;106496&#8243; media_link=&#8221;url:https%3A%2F%2Fwww.reiter-respiro.com%2Frespiro-nutzen-fuer-den-grossbetrieb%2F|title:Ich%20bin%20ein%20Gro%C3%9Fbetrieb&#8221; title=&#8221;Stort f\u00f6retag&#8221;][\/vc_column_inner][\/vc_row_inner][uncode_vertical_text vertical_text_h_pos=&#8221;-3&#8243; z_index=&#8221;0&#8243; text_size=&#8221;h6&#8243; text_color=&#8221;color-rgdb&#8221; uncode_shortcode_id=&#8221;172931&#8243; text_color_type=&#8221;uncode-palette&#8221;]\u2e3b AUFHEBEN STATT KEHREN<\/p>\n<p>[\/uncode_vertical_text][uncode_vertical_text position=&#8221;right&#8221; flip=&#8221;yes&#8221; vertical_text_h_pos=&#8221;3&#8243; z_index=&#8221;0&#8243; text_size=&#8221;h6&#8243; text_color=&#8221;color-rgdb&#8221; uncode_shortcode_id=&#8221;116753&#8243; text_color_type=&#8221;uncode-palette&#8221;]\u2e3b TOP GRUNDFUTTERQUALIT\u00c4T<\/p>\n<p>[\/uncode_vertical_text][\/vc_column][\/vc_row][vc_row row_height_percent=&#8221;0&#8243; overlay_alpha=&#8221;50&#8243; gutter_size=&#8221;3&#8243; column_width_percent=&#8221;100&#8243; shift_y=&#8221;0&#8243; z_index=&#8221;0&#8243; desktop_visibility=&#8221;yes&#8221; uncode_shortcode_id=&#8221;207607&#8243;][vc_column width=&#8221;1\/1&#8243;][vc_button button_color=&#8221;color-210407&#8243; border_animation=&#8221;btn-ripple-out&#8221; wide=&#8221;yes&#8221; border_width=&#8221;0&#8243; link=&#8221;url:https%3A%2F%2Fwww.reiter-respiro.com%2Frespiro-nutzen-fuer-den-landwirt%2F|title:F%C3%B6rdelarna%20f%C3%B6r%20jordbrukaren|&#8221; uncode_shortcode_id=&#8221;201387&#8243; button_color_type=&#8221;uncode-palette&#8221;]Jag \u00e4r jordbrukare[\/vc_button][vc_button button_color=&#8221;color-210407&#8243; border_animation=&#8221;btn-ripple-out&#8221; wide=&#8221;yes&#8221; border_width=&#8221;0&#8243; link=&#8221;url:https%3A%2F%2Fwww.reiter-respiro.com%2Frespiro-nutzen-lohnunternehmer%2F|title:F%C3%B6rdelarna%20f%C3%B6r%20jordbrukaren|&#8221; uncode_shortcode_id=&#8221;541664&#8243; button_color_type=&#8221;uncode-palette&#8221;]Jag \u00e4r en entrepren\u00f6r[\/vc_button][vc_button button_color=&#8221;color-210407&#8243; border_animation=&#8221;btn-ripple-out&#8221; wide=&#8221;yes&#8221; border_width=&#8221;0&#8243; link=&#8221;url:https%3A%2F%2Fwww.reiter-respiro.com%2Frespiro-nutzen-fuer-den-grossbetrieb%2F|title:F%C3%B6rdelarna%20f%C3%B6r%20jordbrukaren|&#8221; uncode_shortcode_id=&#8221;566624&#8243; button_color_type=&#8221;uncode-palette&#8221;]Jag \u00e4r ett stort f\u00f6retag[\/vc_button][\/vc_column][\/vc_row]<\/p>\n<\/div>","protected":false},"excerpt":{"rendered":"<p>[vc_row row_height_percent=&#8221;50&#8243; override_padding=&#8221;yes&#8221; h_padding=&#8221;2&#8243; top_padding=&#8221;5&#8243; bottom_padding=&#8221;5&#8243; back_color=&#8221;accent&#8221; back_image=&#8221;105375&#8243; parallax=&#8221;yes&#8221; overlay_color=&#8221;color-128137&#8243; overlay_alpha=&#8221;80&#8243; equal_height=&#8221;yes&#8221; gutter_size=&#8221;4&#8243; column_width_percent=&#8221;100&#8243; shift_y=&#8221;0&#8243; z_index=&#8221;0&#8243; uncode_shortcode_id=&#8221;183042&#8243; back_color_type=&#8221;uncode-palette&#8221; overlay_color_type=&#8221;uncode-palette&#8221;][vc_column column_width_percent=&#8221;100&#8243; [&hellip;]<\/p>\n","protected":false},"author":3,"featured_media":0,"parent":0,"menu_order":0,"comment_status":"closed","ping_status":"closed","template":"","meta":{"_monsterinsights_skip_tracking":false,"_monsterinsights_sitenote_active":false,"_monsterinsights_sitenote_note":"","_monsterinsights_sitenote_category":0,"footnotes":""},"class_list":["post-108833","page","type-page","status-publish","hentry"],"yoast_head":"<!-- This site is optimized with the Yoast SEO plugin v27.2 - https:\/\/yoast.com\/product\/yoast-seo-wordpress\/ -->\n<title>Das RESPIRO Versprechen - Reiter RESPIRO - Bandschwader<\/title>\n<meta name=\"robots\" content=\"index, follow, max-snippet:-1, max-image-preview:large, max-video-preview:-1\" \/>\n<link rel=\"canonical\" href=\"https:\/\/www.reiter-respiro.com\/sv\/das-respiro-versprechen\/\" \/>\n<meta property=\"og:locale\" content=\"sv_SE\" \/>\n<meta property=\"og:type\" content=\"article\" \/>\n<meta property=\"og:title\" content=\"Das RESPIRO Versprechen - Reiter RESPIRO - Bandschwader\" \/>\n<meta property=\"og:description\" content=\"[vc_row row_height_percent=&#8221;50&#8243; override_padding=&#8221;yes&#8221; h_padding=&#8221;2&#8243; top_padding=&#8221;5&#8243; bottom_padding=&#8221;5&#8243; back_color=&#8221;accent&#8221; back_image=&#8221;105375&#8243; parallax=&#8221;yes&#8221; overlay_color=&#8221;color-128137&#8243; overlay_alpha=&#8221;80&#8243; equal_height=&#8221;yes&#8221; gutter_size=&#8221;4&#8243; column_width_percent=&#8221;100&#8243; shift_y=&#8221;0&#8243; z_index=&#8221;0&#8243; uncode_shortcode_id=&#8221;183042&#8243; back_color_type=&#8221;uncode-palette&#8221; overlay_color_type=&#8221;uncode-palette&#8221;][vc_column column_width_percent=&#8221;100&#8243; [&hellip;]\" \/>\n<meta property=\"og:url\" content=\"https:\/\/www.reiter-respiro.com\/sv\/das-respiro-versprechen\/\" \/>\n<meta property=\"og:site_name\" content=\"Reiter RESPIRO - Bandschwader\" \/>\n<meta property=\"article:publisher\" content=\"https:\/\/www.facebook.com\/RT.Engineering.GmbH\/\" \/>\n<meta property=\"article:modified_time\" content=\"2024-09-05T07:19:51+00:00\" \/>\n<meta name=\"twitter:card\" content=\"summary_large_image\" \/>\n<meta name=\"twitter:label1\" content=\"Ber\u00e4knad l\u00e4stid\" \/>\n\t<meta name=\"twitter:data1\" content=\"6 minuter\" \/>\n<script type=\"application\/ld+json\" class=\"yoast-schema-graph\">{\"@context\":\"https:\/\/schema.org\",\"@graph\":[{\"@type\":\"WebPage\",\"@id\":\"https:\/\/www.reiter-respiro.com\/sv\/das-respiro-versprechen\/\",\"url\":\"https:\/\/www.reiter-respiro.com\/sv\/das-respiro-versprechen\/\",\"name\":\"Das RESPIRO Versprechen - Reiter RESPIRO - Bandschwader\",\"isPartOf\":{\"@id\":\"https:\/\/www.reiter-respiro.com\/#website\"},\"datePublished\":\"2024-09-05T07:19:48+00:00\",\"dateModified\":\"2024-09-05T07:19:51+00:00\",\"breadcrumb\":{\"@id\":\"https:\/\/www.reiter-respiro.com\/sv\/das-respiro-versprechen\/#breadcrumb\"},\"inLanguage\":\"sv-SE\",\"potentialAction\":[{\"@type\":\"ReadAction\",\"target\":[\"https:\/\/www.reiter-respiro.com\/sv\/das-respiro-versprechen\/\"]}]},{\"@type\":\"BreadcrumbList\",\"@id\":\"https:\/\/www.reiter-respiro.com\/sv\/das-respiro-versprechen\/#breadcrumb\",\"itemListElement\":[{\"@type\":\"ListItem\",\"position\":1,\"name\":\"Startseite\",\"item\":\"https:\/\/www.reiter-respiro.com\/sv\/\"},{\"@type\":\"ListItem\",\"position\":2,\"name\":\"Das RESPIRO Versprechen\"}]},{\"@type\":\"WebSite\",\"@id\":\"https:\/\/www.reiter-respiro.com\/#website\",\"url\":\"https:\/\/www.reiter-respiro.com\/\",\"name\":\"Reiter RESPIRO - Bandschwader der Zukunft\",\"description\":\"Sauberstes Grundfutter\",\"publisher\":{\"@id\":\"https:\/\/www.reiter-respiro.com\/#organization\"},\"alternateName\":\"RESPIRO - So schwaden Profis\",\"potentialAction\":[{\"@type\":\"SearchAction\",\"target\":{\"@type\":\"EntryPoint\",\"urlTemplate\":\"https:\/\/www.reiter-respiro.com\/?s={search_term_string}\"},\"query-input\":{\"@type\":\"PropertyValueSpecification\",\"valueRequired\":true,\"valueName\":\"search_term_string\"}}],\"inLanguage\":\"sv-SE\"},{\"@type\":\"Organization\",\"@id\":\"https:\/\/www.reiter-respiro.com\/#organization\",\"name\":\"Reiter RESPIRO\",\"alternateName\":\"RT Engineering GmbH\",\"url\":\"https:\/\/www.reiter-respiro.com\/\",\"logo\":{\"@type\":\"ImageObject\",\"inLanguage\":\"sv-SE\",\"@id\":\"https:\/\/www.reiter-respiro.com\/#\/schema\/logo\/image\/\",\"url\":\"https:\/\/www.reiter-respiro.com\/wp-content\/uploads\/2019\/12\/logo_reiter_klein-1.png\",\"contentUrl\":\"https:\/\/www.reiter-respiro.com\/wp-content\/uploads\/2019\/12\/logo_reiter_klein-1.png\",\"width\":150,\"height\":50,\"caption\":\"Reiter RESPIRO\"},\"image\":{\"@id\":\"https:\/\/www.reiter-respiro.com\/#\/schema\/logo\/image\/\"},\"sameAs\":[\"https:\/\/www.facebook.com\/RT.Engineering.GmbH\/\",\"https:\/\/www.instagram.com\/reiter_respiro_official\/\",\"https:\/\/www.tiktok.com\/@reiter_respiro_official\"]}]}<\/script>\n<!-- \/ Yoast SEO plugin. -->","yoast_head_json":{"title":"Das RESPIRO Versprechen - Reiter RESPIRO - Bandschwader","robots":{"index":"index","follow":"follow","max-snippet":"max-snippet:-1","max-image-preview":"max-image-preview:large","max-video-preview":"max-video-preview:-1"},"canonical":"https:\/\/www.reiter-respiro.com\/sv\/das-respiro-versprechen\/","og_locale":"sv_SE","og_type":"article","og_title":"Das RESPIRO Versprechen - Reiter RESPIRO - Bandschwader","og_description":"[vc_row row_height_percent=&#8221;50&#8243; override_padding=&#8221;yes&#8221; h_padding=&#8221;2&#8243; top_padding=&#8221;5&#8243; bottom_padding=&#8221;5&#8243; back_color=&#8221;accent&#8221; back_image=&#8221;105375&#8243; parallax=&#8221;yes&#8221; overlay_color=&#8221;color-128137&#8243; overlay_alpha=&#8221;80&#8243; equal_height=&#8221;yes&#8221; gutter_size=&#8221;4&#8243; column_width_percent=&#8221;100&#8243; shift_y=&#8221;0&#8243; z_index=&#8221;0&#8243; uncode_shortcode_id=&#8221;183042&#8243; back_color_type=&#8221;uncode-palette&#8221; overlay_color_type=&#8221;uncode-palette&#8221;][vc_column column_width_percent=&#8221;100&#8243; [&hellip;]","og_url":"https:\/\/www.reiter-respiro.com\/sv\/das-respiro-versprechen\/","og_site_name":"Reiter RESPIRO - Bandschwader","article_publisher":"https:\/\/www.facebook.com\/RT.Engineering.GmbH\/","article_modified_time":"2024-09-05T07:19:51+00:00","twitter_card":"summary_large_image","twitter_misc":{"Ber\u00e4knad l\u00e4stid":"6 minuter"},"schema":{"@context":"https:\/\/schema.org","@graph":[{"@type":"WebPage","@id":"https:\/\/www.reiter-respiro.com\/sv\/das-respiro-versprechen\/","url":"https:\/\/www.reiter-respiro.com\/sv\/das-respiro-versprechen\/","name":"Das RESPIRO Versprechen - Reiter RESPIRO - Bandschwader","isPartOf":{"@id":"https:\/\/www.reiter-respiro.com\/#website"},"datePublished":"2024-09-05T07:19:48+00:00","dateModified":"2024-09-05T07:19:51+00:00","breadcrumb":{"@id":"https:\/\/www.reiter-respiro.com\/sv\/das-respiro-versprechen\/#breadcrumb"},"inLanguage":"sv-SE","potentialAction":[{"@type":"ReadAction","target":["https:\/\/www.reiter-respiro.com\/sv\/das-respiro-versprechen\/"]}]},{"@type":"BreadcrumbList","@id":"https:\/\/www.reiter-respiro.com\/sv\/das-respiro-versprechen\/#breadcrumb","itemListElement":[{"@type":"ListItem","position":1,"name":"Startseite","item":"https:\/\/www.reiter-respiro.com\/sv\/"},{"@type":"ListItem","position":2,"name":"Das RESPIRO Versprechen"}]},{"@type":"WebSite","@id":"https:\/\/www.reiter-respiro.com\/#website","url":"https:\/\/www.reiter-respiro.com\/","name":"Reiter RESPIRO - Bandschwader der Zukunft","description":"Sauberstes Grundfutter","publisher":{"@id":"https:\/\/www.reiter-respiro.com\/#organization"},"alternateName":"RESPIRO - So schwaden Profis","potentialAction":[{"@type":"SearchAction","target":{"@type":"EntryPoint","urlTemplate":"https:\/\/www.reiter-respiro.com\/?s={search_term_string}"},"query-input":{"@type":"PropertyValueSpecification","valueRequired":true,"valueName":"search_term_string"}}],"inLanguage":"sv-SE"},{"@type":"Organization","@id":"https:\/\/www.reiter-respiro.com\/#organization","name":"Reiter RESPIRO","alternateName":"RT Engineering GmbH","url":"https:\/\/www.reiter-respiro.com\/","logo":{"@type":"ImageObject","inLanguage":"sv-SE","@id":"https:\/\/www.reiter-respiro.com\/#\/schema\/logo\/image\/","url":"https:\/\/www.reiter-respiro.com\/wp-content\/uploads\/2019\/12\/logo_reiter_klein-1.png","contentUrl":"https:\/\/www.reiter-respiro.com\/wp-content\/uploads\/2019\/12\/logo_reiter_klein-1.png","width":150,"height":50,"caption":"Reiter RESPIRO"},"image":{"@id":"https:\/\/www.reiter-respiro.com\/#\/schema\/logo\/image\/"},"sameAs":["https:\/\/www.facebook.com\/RT.Engineering.GmbH\/","https:\/\/www.instagram.com\/reiter_respiro_official\/","https:\/\/www.tiktok.com\/@reiter_respiro_official"]}]}},"_links":{"self":[{"href":"https:\/\/www.reiter-respiro.com\/sv\/wp-json\/wp\/v2\/pages\/108833","targetHints":{"allow":["GET"]}}],"collection":[{"href":"https:\/\/www.reiter-respiro.com\/sv\/wp-json\/wp\/v2\/pages"}],"about":[{"href":"https:\/\/www.reiter-respiro.com\/sv\/wp-json\/wp\/v2\/types\/page"}],"author":[{"embeddable":true,"href":"https:\/\/www.reiter-respiro.com\/sv\/wp-json\/wp\/v2\/users\/3"}],"replies":[{"embeddable":true,"href":"https:\/\/www.reiter-respiro.com\/sv\/wp-json\/wp\/v2\/comments?post=108833"}],"version-history":[{"count":2,"href":"https:\/\/www.reiter-respiro.com\/sv\/wp-json\/wp\/v2\/pages\/108833\/revisions"}],"predecessor-version":[{"id":108836,"href":"https:\/\/www.reiter-respiro.com\/sv\/wp-json\/wp\/v2\/pages\/108833\/revisions\/108836"}],"wp:attachment":[{"href":"https:\/\/www.reiter-respiro.com\/sv\/wp-json\/wp\/v2\/media?parent=108833"}],"curies":[{"name":"wp","href":"https:\/\/api.w.org\/{rel}","templated":true}]}}