{"id":96357,"date":"2022-07-05T14:16:22","date_gmt":"2022-07-05T12:16:22","guid":{"rendered":"https:\/\/www.reiter-respiro.com\/detail-anti-loss-system-fin\/"},"modified":"2022-07-05T14:16:23","modified_gmt":"2022-07-05T12:16:23","slug":"detail-anti-loss-system-fin","status":"publish","type":"page","link":"https:\/\/www.reiter-respiro.com\/fi\/detail-anti-loss-system-fin\/","title":{"rendered":"Detail Anti-Loss System (FIN)"},"content":{"rendered":"<div class=\"wpb-content-wrapper\"><p>[vc_row row_height_percent=&#8221;80&#8243; override_padding=&#8221;yes&#8221; h_padding=&#8221;2&#8243; top_padding=&#8221;5&#8243; bottom_padding=&#8221;5&#8243; back_image=&#8221;87201&#8243; overlay_alpha=&#8221;80&#8243; equal_height=&#8221;yes&#8221; gutter_size=&#8221;3&#8243; column_width_percent=&#8221;100&#8243; shift_y=&#8221;0&#8243; z_index=&#8221;0&#8243; top_divider=&#8221;gradient&#8221; bottom_divider=&#8221;gradient&#8221;][vc_column column_width_percent=&#8221;100&#8243; position_vertical=&#8221;bottom&#8221; gutter_size=&#8221;3&#8243; style=&#8221;dark&#8221; overlay_alpha=&#8221;50&#8243; shift_x=&#8221;0&#8243; shift_y=&#8221;0&#8243; shift_y_down=&#8221;0&#8243; z_index=&#8221;0&#8243; medium_width=&#8221;0&#8243; mobile_width=&#8221;0&#8243; width=&#8221;1\/1&#8243;][vc_row_inner row_inner_height_percent=&#8221;0&#8243; overlay_alpha=&#8221;50&#8243; gutter_size=&#8221;3&#8243; shift_y=&#8221;0&#8243;][vc_column_inner column_width_percent=&#8221;100&#8243; gutter_size=&#8221;3&#8243; style=&#8221;dark&#8221; overlay_alpha=&#8221;50&#8243; shift_x=&#8221;0&#8243; shift_y=&#8221;0&#8243; shift_y_down=&#8221;0&#8243; z_index=&#8221;0&#8243; medium_width=&#8221;0&#8243; mobile_width=&#8221;0&#8243; css_animation=&#8221;alpha-anim&#8221; animation_delay=&#8221;200&#8243; width=&#8221;9\/12&#8243;][vc_custom_heading heading_semantic=&#8221;h1&#8243; text_size=&#8221;fontsize-338686&#8243; css_animation=&#8221;typewriter&#8221; animation_delay=&#8221;400&#8243; interval_animation=&#8221;20&#8243;]Piikkien irtoamissuoja[\/vc_custom_heading][vc_custom_heading css_animation=&#8221;typewriter&#8221; animation_delay=&#8221;400&#8243; interval_animation=&#8221;20&#8243;]Yksinkertainen ja turvallinen[\/vc_custom_heading][\/vc_column_inner][vc_column_inner width=&#8221;3\/12&#8243;][\/vc_column_inner][\/vc_row_inner][\/vc_column][\/vc_row][vc_row row_height_percent=&#8221;0&#8243; override_padding=&#8221;yes&#8221; h_padding=&#8221;2&#8243; top_padding=&#8221;5&#8243; bottom_padding=&#8221;3&#8243; overlay_alpha=&#8221;100&#8243; gutter_size=&#8221;3&#8243; column_width_percent=&#8221;100&#8243; shift_y=&#8221;0&#8243; z_index=&#8221;0&#8243; row_height_use_pixel=&#8221;&#8221;][vc_column column_width_use_pixel=&#8221;yes&#8221; gutter_size=&#8221;3&#8243; overlay_alpha=&#8221;50&#8243; shift_x=&#8221;0&#8243; shift_y=&#8221;0&#8243; medium_width=&#8221;0&#8243; zoom_width=&#8221;0&#8243; zoom_height=&#8221;0&#8243; column_width_pixel=&#8221;800&#8243;][vc_column_text]<br \/>\nAinutlaatuinen noukinpiikkien kiinnitys<br \/>\nYksi M8-pultti pit\u00e4\u00e4 paikoillaan kuutta tulpapiikki\u00e4. Piikkien vaihto on nopeaa ja helppoa.<\/p>\n<p>Piikit tuetaan paikoilleen sis\u00e4puolelta<br \/>\nYksi osoitus nerokkaasta ja yksinkertaisesta suunnittelusta. Piikit tuetaan paikoilleen sis\u00e4puolelta. Se mahdollistaa eritt\u00e4in pitk\u00e4n k\u00e4ytt\u00f6i\u00e4n.<br \/>\n[\/vc_column_text][\/vc_column][\/vc_row][vc_row row_height_percent=&#8221;0&#8243; override_padding=&#8221;yes&#8221; h_padding=&#8221;2&#8243; top_padding=&#8221;0&#8243; bottom_padding=&#8221;0&#8243; overlay_alpha=&#8221;100&#8243; gutter_size=&#8221;3&#8243; column_width_percent=&#8221;100&#8243; shift_y=&#8221;0&#8243; z_index=&#8221;0&#8243; row_height_use_pixel=&#8221;&#8221;][vc_column column_width_use_pixel=&#8221;yes&#8221; gutter_size=&#8221;3&#8243; overlay_alpha=&#8221;50&#8243; shift_x=&#8221;0&#8243; shift_y=&#8221;0&#8243; medium_width=&#8221;0&#8243; zoom_width=&#8221;0&#8243; zoom_height=&#8221;0&#8243; width=&#8221;5\/6&#8243;][vc_single_image media=&#8221;84031&#8243; media_width_percent=&#8221;100&#8243; media_ratio=&#8221;three-two&#8221; media_title_uppercase=&#8221;&#8221;][\/vc_column][vc_column column_width_percent=&#8221;100&#8243; gutter_size=&#8221;3&#8243; overlay_alpha=&#8221;50&#8243; shift_x=&#8221;0&#8243; shift_y=&#8221;0&#8243; medium_width=&#8221;0&#8243; zoom_width=&#8221;0&#8243; zoom_height=&#8221;0&#8243; width=&#8221;1\/6&#8243;][vc_column_text]Jokaisen k\u00e4ytt\u00e4j\u00e4n unelma \u2013 mahdollisimman v\u00e4h\u00e4n piikkien vaihtoja. Piikkien irtoamissuoja vastaa t\u00e4h\u00e4n unelmaan.[\/vc_column_text][\/vc_column][\/vc_row][vc_row][vc_column width=&#8221;1\/1&#8243;][vc_column_text]<br \/>\nRikkoontuneet piikit eiv\u00e4t p\u00e4\u00e4se putoamaan<br \/>\nMik\u00e4li piikki katkeaa kierteen kohdalta, se pysyy paikoillaan putoamatta. Rikkoontunut piikki py\u00f6rii muiden mukana aiheuttamatta lis\u00e4vahinkoja \u2013 piikki voidaan vaihtaa sopivan tilaisuuden tullen.<br \/>\n[\/vc_column_text][\/vc_column][\/vc_row]<\/p>\n<\/div>","protected":false},"excerpt":{"rendered":"<p>[vc_row row_height_percent=&#8221;80&#8243; override_padding=&#8221;yes&#8221; h_padding=&#8221;2&#8243; top_padding=&#8221;5&#8243; bottom_padding=&#8221;5&#8243; back_image=&#8221;87201&#8243; overlay_alpha=&#8221;80&#8243; equal_height=&#8221;yes&#8221; gutter_size=&#8221;3&#8243; column_width_percent=&#8221;100&#8243; shift_y=&#8221;0&#8243; z_index=&#8221;0&#8243; top_divider=&#8221;gradient&#8221; bottom_divider=&#8221;gradient&#8221;][vc_column column_width_percent=&#8221;100&#8243; position_vertical=&#8221;bottom&#8221; gutter_size=&#8221;3&#8243; style=&#8221;dark&#8221; overlay_alpha=&#8221;50&#8243; [&hellip;]<\/p>\n","protected":false},"author":3,"featured_media":0,"parent":0,"menu_order":0,"comment_status":"closed","ping_status":"closed","template":"","meta":{"_monsterinsights_skip_tracking":false,"_monsterinsights_sitenote_active":false,"_monsterinsights_sitenote_note":"","_monsterinsights_sitenote_category":0,"footnotes":""},"class_list":["post-96357","page","type-page","status-publish","hentry"],"yoast_head":"<!-- This site is optimized with the Yoast SEO plugin v27.2 - https:\/\/yoast.com\/product\/yoast-seo-wordpress\/ -->\n<title>Detail Anti-Loss System (FIN) - Reiter RESPIRO - Bandschwader<\/title>\n<meta name=\"robots\" content=\"index, follow, max-snippet:-1, max-image-preview:large, max-video-preview:-1\" \/>\n<link rel=\"canonical\" href=\"https:\/\/www.reiter-respiro.com\/detail-anti-loss-system\/\" \/>\n<meta property=\"og:locale\" content=\"fi_FI\" \/>\n<meta property=\"og:type\" content=\"article\" \/>\n<meta property=\"og:title\" content=\"Detail Anti-Loss System (FIN) - Reiter RESPIRO - Bandschwader\" \/>\n<meta property=\"og:description\" content=\"[vc_row row_height_percent=&#8221;80&#8243; override_padding=&#8221;yes&#8221; h_padding=&#8221;2&#8243; top_padding=&#8221;5&#8243; bottom_padding=&#8221;5&#8243; back_image=&#8221;87201&#8243; overlay_alpha=&#8221;80&#8243; equal_height=&#8221;yes&#8221; gutter_size=&#8221;3&#8243; column_width_percent=&#8221;100&#8243; shift_y=&#8221;0&#8243; z_index=&#8221;0&#8243; top_divider=&#8221;gradient&#8221; bottom_divider=&#8221;gradient&#8221;][vc_column column_width_percent=&#8221;100&#8243; position_vertical=&#8221;bottom&#8221; gutter_size=&#8221;3&#8243; style=&#8221;dark&#8221; overlay_alpha=&#8221;50&#8243; [&hellip;]\" \/>\n<meta property=\"og:url\" content=\"https:\/\/www.reiter-respiro.com\/detail-anti-loss-system\/\" \/>\n<meta property=\"og:site_name\" content=\"Reiter RESPIRO - Bandschwader\" \/>\n<meta property=\"article:publisher\" content=\"https:\/\/www.facebook.com\/RT.Engineering.GmbH\/\" \/>\n<meta property=\"article:modified_time\" content=\"2022-07-05T12:16:23+00:00\" \/>\n<meta name=\"twitter:card\" content=\"summary_large_image\" \/>\n<meta name=\"twitter:label1\" content=\"Arvioitu lukuaika\" \/>\n\t<meta name=\"twitter:data1\" content=\"2 minuuttia\" \/>\n<script type=\"application\/ld+json\" class=\"yoast-schema-graph\">{\"@context\":\"https:\/\/schema.org\",\"@graph\":[{\"@type\":\"WebPage\",\"@id\":\"https:\/\/www.reiter-respiro.com\/detail-anti-loss-system\/\",\"url\":\"https:\/\/www.reiter-respiro.com\/detail-anti-loss-system\/\",\"name\":\"Detail Anti-Loss System (FIN) - Reiter RESPIRO - Bandschwader\",\"isPartOf\":{\"@id\":\"https:\/\/www.reiter-respiro.com\/#website\"},\"datePublished\":\"2022-07-05T12:16:22+00:00\",\"dateModified\":\"2022-07-05T12:16:23+00:00\",\"breadcrumb\":{\"@id\":\"https:\/\/www.reiter-respiro.com\/detail-anti-loss-system\/#breadcrumb\"},\"inLanguage\":\"fi\",\"potentialAction\":[{\"@type\":\"ReadAction\",\"target\":[\"https:\/\/www.reiter-respiro.com\/detail-anti-loss-system\/\"]}]},{\"@type\":\"BreadcrumbList\",\"@id\":\"https:\/\/www.reiter-respiro.com\/detail-anti-loss-system\/#breadcrumb\",\"itemListElement\":[{\"@type\":\"ListItem\",\"position\":1,\"name\":\"Startseite\",\"item\":\"https:\/\/www.reiter-respiro.com\/fi\/\"},{\"@type\":\"ListItem\",\"position\":2,\"name\":\"Detail Anti-Loss System (FIN)\"}]},{\"@type\":\"WebSite\",\"@id\":\"https:\/\/www.reiter-respiro.com\/#website\",\"url\":\"https:\/\/www.reiter-respiro.com\/\",\"name\":\"Reiter RESPIRO - Bandschwader der Zukunft\",\"description\":\"Sauberstes Grundfutter\",\"publisher\":{\"@id\":\"https:\/\/www.reiter-respiro.com\/#organization\"},\"alternateName\":\"RESPIRO - So schwaden Profis\",\"potentialAction\":[{\"@type\":\"SearchAction\",\"target\":{\"@type\":\"EntryPoint\",\"urlTemplate\":\"https:\/\/www.reiter-respiro.com\/?s={search_term_string}\"},\"query-input\":{\"@type\":\"PropertyValueSpecification\",\"valueRequired\":true,\"valueName\":\"search_term_string\"}}],\"inLanguage\":\"fi\"},{\"@type\":\"Organization\",\"@id\":\"https:\/\/www.reiter-respiro.com\/#organization\",\"name\":\"Reiter RESPIRO\",\"alternateName\":\"RT Engineering GmbH\",\"url\":\"https:\/\/www.reiter-respiro.com\/\",\"logo\":{\"@type\":\"ImageObject\",\"inLanguage\":\"fi\",\"@id\":\"https:\/\/www.reiter-respiro.com\/#\/schema\/logo\/image\/\",\"url\":\"https:\/\/www.reiter-respiro.com\/wp-content\/uploads\/2019\/12\/logo_reiter_klein-1.png\",\"contentUrl\":\"https:\/\/www.reiter-respiro.com\/wp-content\/uploads\/2019\/12\/logo_reiter_klein-1.png\",\"width\":150,\"height\":50,\"caption\":\"Reiter RESPIRO\"},\"image\":{\"@id\":\"https:\/\/www.reiter-respiro.com\/#\/schema\/logo\/image\/\"},\"sameAs\":[\"https:\/\/www.facebook.com\/RT.Engineering.GmbH\/\",\"https:\/\/www.instagram.com\/reiter_respiro_official\/\",\"https:\/\/www.tiktok.com\/@reiter_respiro_official\"]}]}<\/script>\n<!-- \/ Yoast SEO plugin. -->","yoast_head_json":{"title":"Detail Anti-Loss System (FIN) - Reiter RESPIRO - Bandschwader","robots":{"index":"index","follow":"follow","max-snippet":"max-snippet:-1","max-image-preview":"max-image-preview:large","max-video-preview":"max-video-preview:-1"},"canonical":"https:\/\/www.reiter-respiro.com\/detail-anti-loss-system\/","og_locale":"fi_FI","og_type":"article","og_title":"Detail Anti-Loss System (FIN) - Reiter RESPIRO - Bandschwader","og_description":"[vc_row row_height_percent=&#8221;80&#8243; override_padding=&#8221;yes&#8221; h_padding=&#8221;2&#8243; top_padding=&#8221;5&#8243; bottom_padding=&#8221;5&#8243; back_image=&#8221;87201&#8243; overlay_alpha=&#8221;80&#8243; equal_height=&#8221;yes&#8221; gutter_size=&#8221;3&#8243; column_width_percent=&#8221;100&#8243; shift_y=&#8221;0&#8243; z_index=&#8221;0&#8243; top_divider=&#8221;gradient&#8221; bottom_divider=&#8221;gradient&#8221;][vc_column column_width_percent=&#8221;100&#8243; position_vertical=&#8221;bottom&#8221; gutter_size=&#8221;3&#8243; style=&#8221;dark&#8221; overlay_alpha=&#8221;50&#8243; [&hellip;]","og_url":"https:\/\/www.reiter-respiro.com\/detail-anti-loss-system\/","og_site_name":"Reiter RESPIRO - Bandschwader","article_publisher":"https:\/\/www.facebook.com\/RT.Engineering.GmbH\/","article_modified_time":"2022-07-05T12:16:23+00:00","twitter_card":"summary_large_image","twitter_misc":{"Arvioitu lukuaika":"2 minuuttia"},"schema":{"@context":"https:\/\/schema.org","@graph":[{"@type":"WebPage","@id":"https:\/\/www.reiter-respiro.com\/detail-anti-loss-system\/","url":"https:\/\/www.reiter-respiro.com\/detail-anti-loss-system\/","name":"Detail Anti-Loss System (FIN) - Reiter RESPIRO - Bandschwader","isPartOf":{"@id":"https:\/\/www.reiter-respiro.com\/#website"},"datePublished":"2022-07-05T12:16:22+00:00","dateModified":"2022-07-05T12:16:23+00:00","breadcrumb":{"@id":"https:\/\/www.reiter-respiro.com\/detail-anti-loss-system\/#breadcrumb"},"inLanguage":"fi","potentialAction":[{"@type":"ReadAction","target":["https:\/\/www.reiter-respiro.com\/detail-anti-loss-system\/"]}]},{"@type":"BreadcrumbList","@id":"https:\/\/www.reiter-respiro.com\/detail-anti-loss-system\/#breadcrumb","itemListElement":[{"@type":"ListItem","position":1,"name":"Startseite","item":"https:\/\/www.reiter-respiro.com\/fi\/"},{"@type":"ListItem","position":2,"name":"Detail Anti-Loss System (FIN)"}]},{"@type":"WebSite","@id":"https:\/\/www.reiter-respiro.com\/#website","url":"https:\/\/www.reiter-respiro.com\/","name":"Reiter RESPIRO - Bandschwader der Zukunft","description":"Sauberstes Grundfutter","publisher":{"@id":"https:\/\/www.reiter-respiro.com\/#organization"},"alternateName":"RESPIRO - So schwaden Profis","potentialAction":[{"@type":"SearchAction","target":{"@type":"EntryPoint","urlTemplate":"https:\/\/www.reiter-respiro.com\/?s={search_term_string}"},"query-input":{"@type":"PropertyValueSpecification","valueRequired":true,"valueName":"search_term_string"}}],"inLanguage":"fi"},{"@type":"Organization","@id":"https:\/\/www.reiter-respiro.com\/#organization","name":"Reiter RESPIRO","alternateName":"RT Engineering GmbH","url":"https:\/\/www.reiter-respiro.com\/","logo":{"@type":"ImageObject","inLanguage":"fi","@id":"https:\/\/www.reiter-respiro.com\/#\/schema\/logo\/image\/","url":"https:\/\/www.reiter-respiro.com\/wp-content\/uploads\/2019\/12\/logo_reiter_klein-1.png","contentUrl":"https:\/\/www.reiter-respiro.com\/wp-content\/uploads\/2019\/12\/logo_reiter_klein-1.png","width":150,"height":50,"caption":"Reiter RESPIRO"},"image":{"@id":"https:\/\/www.reiter-respiro.com\/#\/schema\/logo\/image\/"},"sameAs":["https:\/\/www.facebook.com\/RT.Engineering.GmbH\/","https:\/\/www.instagram.com\/reiter_respiro_official\/","https:\/\/www.tiktok.com\/@reiter_respiro_official"]}]}},"_links":{"self":[{"href":"https:\/\/www.reiter-respiro.com\/fi\/wp-json\/wp\/v2\/pages\/96357","targetHints":{"allow":["GET"]}}],"collection":[{"href":"https:\/\/www.reiter-respiro.com\/fi\/wp-json\/wp\/v2\/pages"}],"about":[{"href":"https:\/\/www.reiter-respiro.com\/fi\/wp-json\/wp\/v2\/types\/page"}],"author":[{"embeddable":true,"href":"https:\/\/www.reiter-respiro.com\/fi\/wp-json\/wp\/v2\/users\/3"}],"replies":[{"embeddable":true,"href":"https:\/\/www.reiter-respiro.com\/fi\/wp-json\/wp\/v2\/comments?post=96357"}],"version-history":[{"count":2,"href":"https:\/\/www.reiter-respiro.com\/fi\/wp-json\/wp\/v2\/pages\/96357\/revisions"}],"predecessor-version":[{"id":96359,"href":"https:\/\/www.reiter-respiro.com\/fi\/wp-json\/wp\/v2\/pages\/96357\/revisions\/96359"}],"wp:attachment":[{"href":"https:\/\/www.reiter-respiro.com\/fi\/wp-json\/wp\/v2\/media?parent=96357"}],"curies":[{"name":"wp","href":"https:\/\/api.w.org\/{rel}","templated":true}]}}