{"id":92306,"date":"2021-01-25T08:53:16","date_gmt":"2021-01-25T07:53:16","guid":{"rendered":"https:\/\/www.reiter-respiro.com\/reiter-impressum\/"},"modified":"2025-12-19T08:09:06","modified_gmt":"2025-12-19T07:09:06","slug":"reiter-impressum","status":"publish","type":"page","link":"https:\/\/www.reiter-respiro.com\/fi\/reiter-impressum\/","title":{"rendered":"Reiter: Impressum"},"content":{"rendered":"<div class=\"wpb-content-wrapper\"><p>[vc_row row_height_percent=&#8221;0&#8243; override_padding=&#8221;yes&#8221; h_padding=&#8221;2&#8243; top_padding=&#8221;5&#8243; bottom_padding=&#8221;5&#8243; back_color=&#8221;color-lxmt&#8221; overlay_alpha=&#8221;100&#8243; gutter_size=&#8221;3&#8243; column_width_percent=&#8221;100&#8243; shift_y=&#8221;0&#8243; z_index=&#8221;0&#8243; row_height_use_pixel=&#8221;&#8221;][vc_column column_width_use_pixel=&#8221;yes&#8221; align_horizontal=&#8221;align_center&#8221; gutter_size=&#8221;3&#8243; overlay_alpha=&#8221;50&#8243; shift_x=&#8221;0&#8243; shift_y=&#8221;0&#8243; shift_y_down=&#8221;0&#8243; z_index=&#8221;0&#8243; medium_width=&#8221;0&#8243; mobile_width=&#8221;0&#8243; zoom_width=&#8221;0&#8243; zoom_height=&#8221;0&#8243; column_width_pixel=&#8221;600&#8243;][vc_row_inner row_inner_height_percent=&#8221;0&#8243; overlay_alpha=&#8221;50&#8243; gutter_size=&#8221;3&#8243; shift_y=&#8221;0&#8243; row_height_use_pixel=&#8221;&#8221;][vc_column_inner column_width_percent=&#8221;100&#8243; position_horizontal=&#8221;left&#8221; align_horizontal=&#8221;align_center&#8221; gutter_size=&#8221;3&#8243; overlay_alpha=&#8221;50&#8243; shift_x=&#8221;0&#8243; shift_y=&#8221;0&#8243; medium_width=&#8221;0&#8243; zoom_width=&#8221;0&#8243; zoom_height=&#8221;0&#8243; width=&#8221;1\/1&#8243;][vc_custom_heading heading_semantic=&#8221;h3&#8243; text_size=&#8221;bigtext&#8221; text_uppercase=&#8221;&#8221;]Impressum<\/p>\n<p>painatus[\/vc_custom_heading][\/vc_column_inner][\/vc_row_inner][\/vc_column][\/vc_row][vc_row unlock_row_content=&#8221;yes&#8221; row_height_percent=&#8221;73&#8243; override_padding=&#8221;yes&#8221; h_padding=&#8221;0&#8243; top_padding=&#8221;0&#8243; bottom_padding=&#8221;0&#8243; overlay_alpha=&#8221;50&#8243; equal_height=&#8221;yes&#8221; gutter_size=&#8221;0&#8243; column_width_percent=&#8221;100&#8243; shift_y=&#8221;0&#8243; z_index=&#8221;0&#8243;][vc_column column_width_percent=&#8221;100&#8243; position_vertical=&#8221;middle&#8221; gutter_size=&#8221;3&#8243; override_padding=&#8221;yes&#8221; column_padding=&#8221;4&#8243; overlay_alpha=&#8221;50&#8243; shift_x=&#8221;0&#8243; shift_y=&#8221;0&#8243; shift_y_down=&#8221;0&#8243; z_index=&#8221;0&#8243; medium_width=&#8221;0&#8243; mobile_width=&#8221;0&#8243; width=&#8221;1\/3&#8243;][vc_custom_heading heading_semantic=&#8221;h1&#8243; text_font=&#8221;font-156269&#8243; text_size=&#8221;h1&#8243; text_transform=&#8221;uppercase&#8221; text_space=&#8221;fontspace-781688&#8243; separator=&#8221;yes&#8221; separator_color=&#8221;yes&#8221;]<\/p>\n<p style=\"text-align: left;\">painatus<\/p>\n<p>\n[\/vc_custom_heading][vc_column_text uncode_shortcode_id=&#8221;906660&#8243;]Tietovelvollisuus s\u00e4hk\u00f6isen kaupank\u00e4ynnin lain 5 \u00a7: n, yrityskoodin 14 \u00a7: n, kauppas\u00e4\u00e4nn\u00f6sten 63 \u00a7: n mukaisesti ja tiedonantovelvollisuus medialain \u00a7 25 mukaisesti<\/p>\n<p>RT Engineering GmbH<br \/>Eben 5a,<br \/>4716 Hofkirchen an der Trattnach,<br \/>\u00d6sterreich<\/p>\n<p><strong>Yrityksen tarkoitus:<\/strong>Koneiden ja osien tuotanto, kauppa ja jakelu<br \/><strong>UID-numero:<\/strong>\u00a0ATU68399039<br \/><strong>Kaupparekisterinumero:<\/strong>\u00a0FN 408221 a<br \/><strong>Kaupparekisterituomioistuin:<\/strong>\u00a0Wels<br \/><strong>P\u00e4\u00e4maja:<\/strong>\u00a04716 Hofkirchen an der Trattnach<\/p>\n<p><strong>Puhelin:<\/strong>\u00a0+43 7248 66717-0<br \/><strong>S\u00e4hk\u00f6posti:<\/strong>\u00a0<a href=\"mailto:officereiter-respiro.at\">office@reiter-respiro.at<\/a><\/p>\n<p><strong>toimitusjohtaja<\/strong><br \/>Dipl. Ing. Thomas Reiter<\/p>\n<p><a href=\"http:\/\/www.reiter-respiro.com\/agb\/\">Yleiset ehdot<\/a>[\/vc_column_text][\/vc_column][vc_column column_width_percent=&#8221;100&#8243; gutter_size=&#8221;3&#8243; back_image=&#8221;91287&#8243; overlay_alpha=&#8221;50&#8243; shift_x=&#8221;0&#8243; shift_y=&#8221;0&#8243; shift_y_down=&#8221;0&#8243; z_index=&#8221;0&#8243; medium_width=&#8221;0&#8243; mobile_width=&#8221;0&#8243; width=&#8221;2\/3&#8243; mobile_height=&#8221;300&#8243;][\/vc_column][\/vc_row][vc_row row_height_percent=&#8221;0&#8243; override_padding=&#8221;yes&#8221; h_padding=&#8221;2&#8243; top_padding=&#8221;5&#8243; bottom_padding=&#8221;5&#8243; overlay_alpha=&#8221;100&#8243; gutter_size=&#8221;3&#8243; column_width_percent=&#8221;100&#8243; shift_y=&#8221;0&#8243; z_index=&#8221;0&#8243; row_height_use_pixel=&#8221;&#8221;][vc_column column_width_use_pixel=&#8221;yes&#8221; align_horizontal=&#8221;align_center&#8221; gutter_size=&#8221;3&#8243; overlay_alpha=&#8221;50&#8243; shift_x=&#8221;0&#8243; shift_y=&#8221;0&#8243; shift_y_down=&#8221;0&#8243; z_index=&#8221;0&#8243; medium_width=&#8221;0&#8243; mobile_width=&#8221;0&#8243; zoom_width=&#8221;0&#8243; zoom_height=&#8221;0&#8243; column_width_pixel=&#8221;600&#8243;][vc_row_inner row_inner_height_percent=&#8221;0&#8243; overlay_alpha=&#8221;50&#8243; gutter_size=&#8221;3&#8243; shift_y=&#8221;0&#8243; row_height_use_pixel=&#8221;&#8221;][vc_column_inner column_width_percent=&#8221;100&#8243; position_horizontal=&#8221;left&#8221; align_horizontal=&#8221;align_center&#8221; gutter_size=&#8221;3&#8243; overlay_alpha=&#8221;50&#8243; shift_x=&#8221;0&#8243; shift_y=&#8221;0&#8243; medium_width=&#8221;0&#8243; zoom_width=&#8221;0&#8243; zoom_height=&#8221;0&#8243; width=&#8221;1\/1&#8243;][vc_custom_heading heading_semantic=&#8221;h3&#8243; text_size=&#8221;bigtext&#8221; text_uppercase=&#8221;&#8221;]Riitojen ratkaisu, vastuu<br \/>Tekij\u00e4noikeusilmoitus ja valokuvahyvitykset[\/vc_custom_heading][\/vc_column_inner][\/vc_row_inner][vc_column_text text_lead=&#8221;yes&#8221;]<strong>EU: n riitojenratkaisu<\/strong><\/p>\n<p>Online-riidanratkaisusta kuluttaja-asioissa annetun asetuksen (ODR-asetus) mukaisesti haluamme kertoa sinulle verkkov\u00e4litteisest\u00e4 riidanratkaisualustasta (k\u00e4ytt\u00f6j\u00e4rjestelm\u00e4alusta).<br \/>Kuluttajilla on mahdollisuus tehd\u00e4 valituksia Euroopan komission online-riidanratkaisualustalle osoitteessa <a href = \"https:\/\/ec.europa.eu\/consumers\/odr\/main\/index.cfm?event=main.home2.show&amp;lng=DE \"> http:\/\/ec.europa.eu\/odr?tid=121239683 <\/a>. Tarvittavat yhteystiedot l\u00f6yd\u00e4t yll\u00e4 oikeudellisesta ilmoituksestamme.<\/p>\n<p>Haluamme kuitenkin huomauttaa, ett\u00e4 emme ole halukkaita tai velvollisia osallistumaan riitojenratkaisumenettelyihin kuluttajien v\u00e4limieslautakunnassa.<\/p>\n<p><strong>Vastuu t\u00e4m\u00e4n verkkosivuston sis\u00e4ll\u00f6st\u00e4<\/strong><\/p>\n<p>Kehit\u00e4mme jatkuvasti t\u00e4m\u00e4n verkkosivuston sis\u00e4lt\u00f6\u00e4 ja pyrimme tarjoamaan oikeaa ja ajantasaista tietoa. Valitettavasti emme voi ottaa mit\u00e4\u00e4n vastuuta t\u00e4m\u00e4n verkkosivuston kaiken sis\u00e4ll\u00f6n oikeellisuudesta, etenk\u00e4\u00e4n kolmansien osapuolten tarjoaman sis\u00e4ll\u00f6n oikeellisuudesta.<\/p>\n<p>Jos huomaat ongelmallista tai laitonta sis\u00e4lt\u00f6\u00e4, ota v\u00e4litt\u00f6m\u00e4sti yhteytt\u00e4 meihin. L\u00f6yd\u00e4t yhteystiedot leimasta.<\/p>\n<p><strong>Vastuu t\u00e4m\u00e4n verkkosivuston linkeist\u00e4<\/strong><\/p>\n<p>Verkkosivustollamme on linkkej\u00e4 muille verkkosivustoille, joiden sis\u00e4ll\u00f6st\u00e4 emme ole vastuussa. Vastuu linkitetyist\u00e4 verkkosivustoista on olemassa\u00a0<a href=\"https:\/\/www.ris.bka.gv.at\/Dokument.wxe?Abfrage=Bundesnormen&amp;Dokumentnummer=NOR40025813&amp;tid=121239683\">\u00a7 17 ECG<\/a>\u00a0Ei meille, koska meill\u00e4 ei ollut tietoa laittomasta toiminnasta, emme ole huomanneet t\u00e4llaista laitonta toimintaa ja poistaisimme linkit v\u00e4litt\u00f6m\u00e4sti, jos saisimme tiet\u00e4\u00e4 laittomasta toiminnasta.<\/p>\n<p>Jos huomaat laittomia linkkej\u00e4 verkkosivustollamme, ota meihin yhteytt\u00e4, l\u00f6yd\u00e4t yhteystiedot oikeudellisesta ilmoituksesta.<\/p>\n<p><strong>tekij\u00e4noikeushuomautus<\/strong><\/p>\n<p>Kaikki t\u00e4m\u00e4n verkkosivuston sis\u00e4lt\u00f6 (kuvat, valokuvat, tekstit, videot) ovat tekij\u00e4noikeuksien alaisia. Tarvittaessa nostamme laillisen syytteen sivustomme sis\u00e4ll\u00f6n osien luvattomasta k\u00e4yt\u00f6st\u00e4.<\/p>\n<p>Jos l\u00f6yd\u00e4t t\u00e4ll\u00e4 sivustolla sis\u00e4lt\u00f6\u00e4, joka rikkoo tekij\u00e4noikeuslakia, ota meihin yhteytt\u00e4.<\/p>\n<p><strong>Valokuvahyvitys<\/strong><\/p>\n<p>T\u00e4m\u00e4n verkkosivuston kuvat, valokuvat ja grafiikat ovat tekij\u00e4noikeuksien suojaamia.[\/vc_column_text][\/vc_column][\/vc_row]<\/p>\n<\/div>","protected":false},"excerpt":{"rendered":"<p>[vc_row row_height_percent=&#8221;0&#8243; override_padding=&#8221;yes&#8221; h_padding=&#8221;2&#8243; top_padding=&#8221;5&#8243; bottom_padding=&#8221;5&#8243; back_color=&#8221;color-lxmt&#8221; overlay_alpha=&#8221;100&#8243; gutter_size=&#8221;3&#8243; column_width_percent=&#8221;100&#8243; shift_y=&#8221;0&#8243; z_index=&#8221;0&#8243; row_height_use_pixel=&#8221;&#8221;][vc_column column_width_use_pixel=&#8221;yes&#8221; align_horizontal=&#8221;align_center&#8221; gutter_size=&#8221;3&#8243; overlay_alpha=&#8221;50&#8243; shift_x=&#8221;0&#8243; shift_y=&#8221;0&#8243; shift_y_down=&#8221;0&#8243; [&hellip;]<\/p>\n","protected":false},"author":1,"featured_media":11309,"parent":0,"menu_order":0,"comment_status":"closed","ping_status":"closed","template":"","meta":{"_monsterinsights_skip_tracking":false,"_monsterinsights_sitenote_active":false,"_monsterinsights_sitenote_note":"","_monsterinsights_sitenote_category":0,"footnotes":""},"class_list":["post-92306","page","type-page","status-publish","has-post-thumbnail","hentry"],"yoast_head":"<!-- This site is optimized with the Yoast SEO plugin v27.2 - https:\/\/yoast.com\/product\/yoast-seo-wordpress\/ -->\n<title>Reiter: Impressum - Reiter RESPIRO - Bandschwader<\/title>\n<meta name=\"robots\" content=\"index, follow, max-snippet:-1, max-image-preview:large, max-video-preview:-1\" \/>\n<link rel=\"canonical\" href=\"https:\/\/www.reiter-respiro.com\/reiter-impressum\/\" \/>\n<meta property=\"og:locale\" content=\"fi_FI\" \/>\n<meta property=\"og:type\" content=\"article\" \/>\n<meta property=\"og:title\" content=\"Reiter: Impressum - Reiter RESPIRO - Bandschwader\" \/>\n<meta property=\"og:description\" content=\"[vc_row row_height_percent=&#8221;0&#8243; override_padding=&#8221;yes&#8221; h_padding=&#8221;2&#8243; top_padding=&#8221;5&#8243; bottom_padding=&#8221;5&#8243; back_color=&#8221;color-lxmt&#8221; overlay_alpha=&#8221;100&#8243; gutter_size=&#8221;3&#8243; column_width_percent=&#8221;100&#8243; shift_y=&#8221;0&#8243; z_index=&#8221;0&#8243; row_height_use_pixel=&#8221;&#8221;][vc_column column_width_use_pixel=&#8221;yes&#8221; align_horizontal=&#8221;align_center&#8221; gutter_size=&#8221;3&#8243; overlay_alpha=&#8221;50&#8243; shift_x=&#8221;0&#8243; shift_y=&#8221;0&#8243; shift_y_down=&#8221;0&#8243; [&hellip;]\" \/>\n<meta property=\"og:url\" content=\"https:\/\/www.reiter-respiro.com\/reiter-impressum\/\" \/>\n<meta property=\"og:site_name\" content=\"Reiter RESPIRO - Bandschwader\" \/>\n<meta property=\"article:publisher\" content=\"https:\/\/www.facebook.com\/RT.Engineering.GmbH\/\" \/>\n<meta property=\"article:modified_time\" content=\"2025-12-19T07:09:06+00:00\" \/>\n<meta property=\"og:image\" content=\"https:\/\/www.reiter-respiro.com\/wp-content\/uploads\/2019\/10\/image-placeholder-5-min.jpg\" \/>\n\t<meta property=\"og:image:width\" content=\"1920\" \/>\n\t<meta property=\"og:image:height\" content=\"1280\" \/>\n\t<meta property=\"og:image:type\" content=\"image\/jpeg\" \/>\n<meta name=\"twitter:card\" content=\"summary_large_image\" \/>\n<meta name=\"twitter:label1\" content=\"Arvioitu lukuaika\" \/>\n\t<meta name=\"twitter:data1\" content=\"4 minuuttia\" \/>\n<script type=\"application\/ld+json\" class=\"yoast-schema-graph\">{\"@context\":\"https:\/\/schema.org\",\"@graph\":[{\"@type\":\"WebPage\",\"@id\":\"https:\/\/www.reiter-respiro.com\/reiter-impressum\/\",\"url\":\"https:\/\/www.reiter-respiro.com\/reiter-impressum\/\",\"name\":\"Reiter: Impressum - Reiter RESPIRO - Bandschwader\",\"isPartOf\":{\"@id\":\"https:\/\/www.reiter-respiro.com\/#website\"},\"primaryImageOfPage\":{\"@id\":\"https:\/\/www.reiter-respiro.com\/reiter-impressum\/#primaryimage\"},\"image\":{\"@id\":\"https:\/\/www.reiter-respiro.com\/reiter-impressum\/#primaryimage\"},\"thumbnailUrl\":\"https:\/\/www.reiter-respiro.com\/wp-content\/uploads\/2019\/10\/image-placeholder-5-min.jpg\",\"datePublished\":\"2021-01-25T07:53:16+00:00\",\"dateModified\":\"2025-12-19T07:09:06+00:00\",\"breadcrumb\":{\"@id\":\"https:\/\/www.reiter-respiro.com\/reiter-impressum\/#breadcrumb\"},\"inLanguage\":\"fi\",\"potentialAction\":[{\"@type\":\"ReadAction\",\"target\":[\"https:\/\/www.reiter-respiro.com\/reiter-impressum\/\"]}]},{\"@type\":\"ImageObject\",\"inLanguage\":\"fi\",\"@id\":\"https:\/\/www.reiter-respiro.com\/reiter-impressum\/#primaryimage\",\"url\":\"https:\/\/www.reiter-respiro.com\/wp-content\/uploads\/2019\/10\/image-placeholder-5-min.jpg\",\"contentUrl\":\"https:\/\/www.reiter-respiro.com\/wp-content\/uploads\/2019\/10\/image-placeholder-5-min.jpg\",\"width\":1920,\"height\":1280},{\"@type\":\"BreadcrumbList\",\"@id\":\"https:\/\/www.reiter-respiro.com\/reiter-impressum\/#breadcrumb\",\"itemListElement\":[{\"@type\":\"ListItem\",\"position\":1,\"name\":\"Startseite\",\"item\":\"https:\/\/www.reiter-respiro.com\/fi\/\"},{\"@type\":\"ListItem\",\"position\":2,\"name\":\"Reiter: Impressum\"}]},{\"@type\":\"WebSite\",\"@id\":\"https:\/\/www.reiter-respiro.com\/#website\",\"url\":\"https:\/\/www.reiter-respiro.com\/\",\"name\":\"Reiter RESPIRO - Bandschwader der Zukunft\",\"description\":\"Sauberstes Grundfutter\",\"publisher\":{\"@id\":\"https:\/\/www.reiter-respiro.com\/#organization\"},\"alternateName\":\"RESPIRO - So schwaden Profis\",\"potentialAction\":[{\"@type\":\"SearchAction\",\"target\":{\"@type\":\"EntryPoint\",\"urlTemplate\":\"https:\/\/www.reiter-respiro.com\/?s={search_term_string}\"},\"query-input\":{\"@type\":\"PropertyValueSpecification\",\"valueRequired\":true,\"valueName\":\"search_term_string\"}}],\"inLanguage\":\"fi\"},{\"@type\":\"Organization\",\"@id\":\"https:\/\/www.reiter-respiro.com\/#organization\",\"name\":\"Reiter RESPIRO\",\"alternateName\":\"RT Engineering GmbH\",\"url\":\"https:\/\/www.reiter-respiro.com\/\",\"logo\":{\"@type\":\"ImageObject\",\"inLanguage\":\"fi\",\"@id\":\"https:\/\/www.reiter-respiro.com\/#\/schema\/logo\/image\/\",\"url\":\"https:\/\/www.reiter-respiro.com\/wp-content\/uploads\/2019\/12\/logo_reiter_klein-1.png\",\"contentUrl\":\"https:\/\/www.reiter-respiro.com\/wp-content\/uploads\/2019\/12\/logo_reiter_klein-1.png\",\"width\":150,\"height\":50,\"caption\":\"Reiter RESPIRO\"},\"image\":{\"@id\":\"https:\/\/www.reiter-respiro.com\/#\/schema\/logo\/image\/\"},\"sameAs\":[\"https:\/\/www.facebook.com\/RT.Engineering.GmbH\/\",\"https:\/\/www.instagram.com\/reiter_respiro_official\/\",\"https:\/\/www.tiktok.com\/@reiter_respiro_official\"]}]}<\/script>\n<!-- \/ Yoast SEO plugin. -->","yoast_head_json":{"title":"Reiter: Impressum - Reiter RESPIRO - Bandschwader","robots":{"index":"index","follow":"follow","max-snippet":"max-snippet:-1","max-image-preview":"max-image-preview:large","max-video-preview":"max-video-preview:-1"},"canonical":"https:\/\/www.reiter-respiro.com\/reiter-impressum\/","og_locale":"fi_FI","og_type":"article","og_title":"Reiter: Impressum - Reiter RESPIRO - Bandschwader","og_description":"[vc_row row_height_percent=&#8221;0&#8243; override_padding=&#8221;yes&#8221; h_padding=&#8221;2&#8243; top_padding=&#8221;5&#8243; bottom_padding=&#8221;5&#8243; back_color=&#8221;color-lxmt&#8221; overlay_alpha=&#8221;100&#8243; gutter_size=&#8221;3&#8243; column_width_percent=&#8221;100&#8243; shift_y=&#8221;0&#8243; z_index=&#8221;0&#8243; row_height_use_pixel=&#8221;&#8221;][vc_column column_width_use_pixel=&#8221;yes&#8221; align_horizontal=&#8221;align_center&#8221; gutter_size=&#8221;3&#8243; overlay_alpha=&#8221;50&#8243; shift_x=&#8221;0&#8243; shift_y=&#8221;0&#8243; shift_y_down=&#8221;0&#8243; [&hellip;]","og_url":"https:\/\/www.reiter-respiro.com\/reiter-impressum\/","og_site_name":"Reiter RESPIRO - Bandschwader","article_publisher":"https:\/\/www.facebook.com\/RT.Engineering.GmbH\/","article_modified_time":"2025-12-19T07:09:06+00:00","og_image":[{"width":1920,"height":1280,"url":"https:\/\/www.reiter-respiro.com\/wp-content\/uploads\/2019\/10\/image-placeholder-5-min.jpg","type":"image\/jpeg"}],"twitter_card":"summary_large_image","twitter_misc":{"Arvioitu lukuaika":"4 minuuttia"},"schema":{"@context":"https:\/\/schema.org","@graph":[{"@type":"WebPage","@id":"https:\/\/www.reiter-respiro.com\/reiter-impressum\/","url":"https:\/\/www.reiter-respiro.com\/reiter-impressum\/","name":"Reiter: Impressum - Reiter RESPIRO - Bandschwader","isPartOf":{"@id":"https:\/\/www.reiter-respiro.com\/#website"},"primaryImageOfPage":{"@id":"https:\/\/www.reiter-respiro.com\/reiter-impressum\/#primaryimage"},"image":{"@id":"https:\/\/www.reiter-respiro.com\/reiter-impressum\/#primaryimage"},"thumbnailUrl":"https:\/\/www.reiter-respiro.com\/wp-content\/uploads\/2019\/10\/image-placeholder-5-min.jpg","datePublished":"2021-01-25T07:53:16+00:00","dateModified":"2025-12-19T07:09:06+00:00","breadcrumb":{"@id":"https:\/\/www.reiter-respiro.com\/reiter-impressum\/#breadcrumb"},"inLanguage":"fi","potentialAction":[{"@type":"ReadAction","target":["https:\/\/www.reiter-respiro.com\/reiter-impressum\/"]}]},{"@type":"ImageObject","inLanguage":"fi","@id":"https:\/\/www.reiter-respiro.com\/reiter-impressum\/#primaryimage","url":"https:\/\/www.reiter-respiro.com\/wp-content\/uploads\/2019\/10\/image-placeholder-5-min.jpg","contentUrl":"https:\/\/www.reiter-respiro.com\/wp-content\/uploads\/2019\/10\/image-placeholder-5-min.jpg","width":1920,"height":1280},{"@type":"BreadcrumbList","@id":"https:\/\/www.reiter-respiro.com\/reiter-impressum\/#breadcrumb","itemListElement":[{"@type":"ListItem","position":1,"name":"Startseite","item":"https:\/\/www.reiter-respiro.com\/fi\/"},{"@type":"ListItem","position":2,"name":"Reiter: Impressum"}]},{"@type":"WebSite","@id":"https:\/\/www.reiter-respiro.com\/#website","url":"https:\/\/www.reiter-respiro.com\/","name":"Reiter RESPIRO - Bandschwader der Zukunft","description":"Sauberstes Grundfutter","publisher":{"@id":"https:\/\/www.reiter-respiro.com\/#organization"},"alternateName":"RESPIRO - So schwaden Profis","potentialAction":[{"@type":"SearchAction","target":{"@type":"EntryPoint","urlTemplate":"https:\/\/www.reiter-respiro.com\/?s={search_term_string}"},"query-input":{"@type":"PropertyValueSpecification","valueRequired":true,"valueName":"search_term_string"}}],"inLanguage":"fi"},{"@type":"Organization","@id":"https:\/\/www.reiter-respiro.com\/#organization","name":"Reiter RESPIRO","alternateName":"RT Engineering GmbH","url":"https:\/\/www.reiter-respiro.com\/","logo":{"@type":"ImageObject","inLanguage":"fi","@id":"https:\/\/www.reiter-respiro.com\/#\/schema\/logo\/image\/","url":"https:\/\/www.reiter-respiro.com\/wp-content\/uploads\/2019\/12\/logo_reiter_klein-1.png","contentUrl":"https:\/\/www.reiter-respiro.com\/wp-content\/uploads\/2019\/12\/logo_reiter_klein-1.png","width":150,"height":50,"caption":"Reiter RESPIRO"},"image":{"@id":"https:\/\/www.reiter-respiro.com\/#\/schema\/logo\/image\/"},"sameAs":["https:\/\/www.facebook.com\/RT.Engineering.GmbH\/","https:\/\/www.instagram.com\/reiter_respiro_official\/","https:\/\/www.tiktok.com\/@reiter_respiro_official"]}]}},"_links":{"self":[{"href":"https:\/\/www.reiter-respiro.com\/fi\/wp-json\/wp\/v2\/pages\/92306","targetHints":{"allow":["GET"]}}],"collection":[{"href":"https:\/\/www.reiter-respiro.com\/fi\/wp-json\/wp\/v2\/pages"}],"about":[{"href":"https:\/\/www.reiter-respiro.com\/fi\/wp-json\/wp\/v2\/types\/page"}],"author":[{"embeddable":true,"href":"https:\/\/www.reiter-respiro.com\/fi\/wp-json\/wp\/v2\/users\/1"}],"replies":[{"embeddable":true,"href":"https:\/\/www.reiter-respiro.com\/fi\/wp-json\/wp\/v2\/comments?post=92306"}],"version-history":[{"count":5,"href":"https:\/\/www.reiter-respiro.com\/fi\/wp-json\/wp\/v2\/pages\/92306\/revisions"}],"predecessor-version":[{"id":112091,"href":"https:\/\/www.reiter-respiro.com\/fi\/wp-json\/wp\/v2\/pages\/92306\/revisions\/112091"}],"wp:featuredmedia":[{"embeddable":true,"href":"https:\/\/www.reiter-respiro.com\/fi\/wp-json\/wp\/v2\/media\/11309"}],"wp:attachment":[{"href":"https:\/\/www.reiter-respiro.com\/fi\/wp-json\/wp\/v2\/media?parent=92306"}],"curies":[{"name":"wp","href":"https:\/\/api.w.org\/{rel}","templated":true}]}}