{"id":96342,"date":"2022-07-05T13:57:21","date_gmt":"2022-07-05T11:57:21","guid":{"rendered":"https:\/\/www.reiter-respiro.com\/detail-elastische-pick-up-esp\/"},"modified":"2024-08-27T09:53:28","modified_gmt":"2024-08-27T07:53:28","slug":"detail-elastische-pick-up-esp","status":"publish","type":"page","link":"https:\/\/www.reiter-respiro.com\/es\/detail-elastische-pick-up-esp\/","title":{"rendered":"Detail Elastische Pick-Up (ESP)"},"content":{"rendered":"<div class=\"wpb-content-wrapper\"><p>[vc_row row_height_percent=\u00bb50&#8243; back_color=\u00bbcolor-943002&#8243; back_image=\u00bb89232&#8243; overlay_alpha=\u00bb50&#8243; gutter_size=\u00bb3&#8243; column_width_percent=\u00bb100&#8243; shift_y=\u00bb0&#8243; z_index=\u00bb0&#8243;][vc_column column_width_percent=\u00bb100&#8243; gutter_size=\u00bb3&#8243; overlay_alpha=\u00bb50&#8243; shift_x=\u00bb0&#8243; shift_y=\u00bb0&#8243; shift_y_down=\u00bb0&#8243; z_index=\u00bb0&#8243; medium_width=\u00bb0&#8243; mobile_width=\u00bb0&#8243; width=\u00bb1\/1&#8243; mobile_height=\u00bb340&#8243;][\/vc_column][\/vc_row][vc_row row_height_percent=\u00bb0&#8243; override_padding=\u00bbyes\u00bb h_padding=\u00bb2&#8243; top_padding=\u00bb2&#8243; bottom_padding=\u00bb3&#8243; overlay_alpha=\u00bb50&#8243; gutter_size=\u00bb3&#8243; column_width_percent=\u00bb100&#8243; shift_y=\u00bb0&#8243; z_index=\u00bb0&#8243;][vc_column column_width_percent=\u00bb100&#8243; gutter_size=\u00bb3&#8243; override_padding=\u00bbyes\u00bb column_padding=\u00bb3&#8243; back_color=\u00bbcolor-xsdn\u00bb overlay_alpha=\u00bb50&#8243; shift_x=\u00bb0&#8243; shift_y=\u00bb-5&#8243; shift_y_fixed=\u00bbyes\u00bb shift_y_down=\u00bb0&#8243; z_index=\u00bb0&#8243; medium_width=\u00bb0&#8243; mobile_width=\u00bb0&#8243; width=\u00bb1\/1&#8243;][vc_row_inner row_inner_height_percent=\u00bb0&#8243; overlay_alpha=\u00bb50&#8243; equal_height=\u00bbyes\u00bb gutter_size=\u00bb0&#8243; shift_y=\u00bb0&#8243;][vc_column_inner column_width_percent=\u00bb100&#8243; position_vertical=\u00bbmiddle\u00bb align_horizontal=\u00bbalign_right\u00bb gutter_size=\u00bb3&#8243; override_padding=\u00bbyes\u00bb column_padding=\u00bb2&#8243; overlay_alpha=\u00bb50&#8243; border_color=\u00bbcolor-gyho\u00bb border_style=\u00bbsolid\u00bb shift_x=\u00bb0&#8243; shift_y=\u00bb0&#8243; shift_y_down=\u00bb0&#8243; z_index=\u00bb0&#8243; medium_width=\u00bb2&#8243; align_mobile=\u00bbalign_center_mobile\u00bb mobile_width=\u00bb0&#8243; width=\u00bb3\/12&#8243; css=\u00bb.vc_custom_1495102345881{border-right-width: 1px !important;}\u00bb][vc_custom_heading heading_semantic=\u00bbh6&#8243; text_size=\u00bbfontsize-160000&#8243; text_transform=\u00bbuppercase\u00bb text_space=\u00bbfontspace-135905&#8243;]La tecnolog\u00eda[\/vc_custom_heading][\/vc_column_inner][vc_column_inner column_width_percent=\u00bb100&#8243; position_vertical=\u00bbmiddle\u00bb gutter_size=\u00bb3&#8243; override_padding=\u00bbyes\u00bb column_padding=\u00bb2&#8243; overlay_alpha=\u00bb50&#8243; shift_x=\u00bb0&#8243; shift_y=\u00bb0&#8243; shift_y_down=\u00bb0&#8243; z_index=\u00bb0&#8243; medium_width=\u00bb6&#8243; align_mobile=\u00bbalign_center_mobile\u00bb mobile_width=\u00bb0&#8243; width=\u00bb9\/12&#8243;][vc_custom_heading heading_semantic=\u00bbh3&#8243; text_size=\u00bbfontsize-155944&#8243; text_color=\u00bbcolor-943002&#8243;]Gran paso adelante: flexibilidad<br \/>\nPick-up el\u00e1stico[\/vc_custom_heading][vc_column_text]El pick up el\u00e1stico es el coraz\u00f3n del hilerador de cinta RESPIRO. Con anchuras de pick up de 3 m o m\u00e1s, el recogedor debe ser flexible para que se adapte al suelo. Solo as\u00ed se puede conseguir un resultado de trabajo intachable con el forraje. Este distintivo indica el camino al futuro de los hileradores de cinta.[\/vc_column_text][\/vc_column_inner][\/vc_row_inner][\/vc_column][\/vc_row][vc_row row_height_percent=\u00bb0&#8243; override_padding=\u00bbyes\u00bb h_padding=\u00bb2&#8243; top_padding=\u00bb5&#8243; bottom_padding=\u00bb5&#8243; back_color=\u00bbcolor-943002&#8243; overlay_alpha=\u00bb100&#8243; gutter_size=\u00bb100&#8243; column_width_percent=\u00bb100&#8243; shift_y=\u00bb0&#8243; z_index=\u00bb0&#8243; style=\u00bbinherited\u00bb][vc_column column_width_percent=\u00bb100&#8243; align_horizontal=\u00bbalign_center\u00bb gutter_size=\u00bb3&#8243; overlay_alpha=\u00bb50&#8243; shift_x=\u00bb0&#8243; shift_y=\u00bb0&#8243; medium_width=\u00bb0&#8243; zoom_width=\u00bb0&#8243; zoom_height=\u00bb0&#8243; width=\u00bb1\/1&#8243;][vc_gallery el_id=\u00bbgallery-3&#8243; medias=\u00bb94003,93989,93996&#8243; gutter_size=\u00bb1&#8243; media_items=\u00bbmedia,icon\u00bb screen_lg=\u00bb1000&#8243; screen_md=\u00bb600&#8243; screen_sm=\u00bb480&#8243; single_width=\u00bb3&#8243; images_size=\u00bbthree-two\u00bb single_overlay_opacity=\u00bb50&#8243; single_text_anim_type=\u00bbbtt\u00bb single_h_align=\u00bbcenter\u00bb single_padding=\u00bb2&#8243; single_icon=\u00bbfa fa-search3&#8243; single_border=\u00bbyes\u00bb single_css_animation=\u00bbbottom-t-top\u00bb single_animation_delay=\u00bb200&#8243; lbox_caption=\u00bbyes\u00bb no_double_tap=\u00bbyes\u00bb carousel_rtl=\u00bb\u00bb single_title_uppercase=\u00bb\u00bb single_title_bold=\u00bb\u00bb single_title_serif=\u00bb\u00bb onclick=\u00bblink_image\u00bb custom_links_target=\u00bb_self\u00bb items=\u00bbeyI4ODY4X2kiOnsic2luZ2xlX3dpZHRoIjoiNCIsInNpbmdsZV9oZWlnaHQiOiI0In0sIjg4NjJfaSI6eyJzaW5nbGVfd2lkdGgiOiI0Iiwic2luZ2xlX2hlaWdodCI6IjQifSwiODg2MF9pIjp7InNpbmdsZV93aWR0aCI6IjQifX0=\u00bb single_half_padding=\u00bb\u00bb single_no_background=\u00bb\u00bb][\/vc_column][\/vc_row][vc_row unlock_row_content=\u00bbyes\u00bb row_height_percent=\u00bb0&#8243; override_padding=\u00bbyes\u00bb h_padding=\u00bb2&#8243; top_padding=\u00bb2&#8243; bottom_padding=\u00bb0&#8243; overlay_alpha=\u00bb50&#8243; equal_height=\u00bbyes\u00bb gutter_size=\u00bb3&#8243; column_width_percent=\u00bb100&#8243; shift_y=\u00bb0&#8243; z_index=\u00bb0&#8243; el_class=\u00bbinverted-device-order\u00bb][vc_column column_width_percent=\u00bb100&#8243; position_vertical=\u00bbmiddle\u00bb gutter_size=\u00bb3&#8243; override_padding=\u00bbyes\u00bb column_padding=\u00bb2&#8243; back_color=\u00bbcolor-gyho\u00bb overlay_alpha=\u00bb50&#8243; shift_x=\u00bb0&#8243; shift_y=\u00bb0&#8243; shift_y_down=\u00bb0&#8243; z_index=\u00bb0&#8243; medium_width=\u00bb0&#8243; mobile_width=\u00bb0&#8243; radius=\u00bbsm\u00bb width=\u00bb1\/4&#8243;][vc_custom_heading heading_semantic=\u00bbh3&#8243; text_size=\u00bbh3&#8243; subheading=\u00bbPara una m\u00e1xima calidad de rastrillado el pick up se debe arrimar al suelo. Y todos los usuarios saben, que ning\u00fan suelo es liso. Justo ah\u00ed el pick up flexible de tecnolog\u00eda Respiro marca nuevas pautas. Tambi\u00e9n bajo condiciones de suelo dif\u00edciles las p\u00e9rdidas son escasas. Esto no solamente aumenta el beneficio total, sino tambi\u00e9n la calidad del forraje de los cortes siguientes. Calidad superior hect\u00e1rea por hect\u00e1rea, corte por corte. Como empresa de servicio siempre va a quedar bien con sus clientes, porque se adapta a las condiciones del suelo. Esto crea confianza y clientes satisfechos.\u00bb]M\u00e1xima calidad de rastrillado[\/vc_custom_heading][\/vc_column][vc_column column_width_percent=\u00bb100&#8243; gutter_size=\u00bb3&#8243; override_padding=\u00bbyes\u00bb column_padding=\u00bb2&#8243; back_color=\u00bbcolor-gyho\u00bb overlay_alpha=\u00bb50&#8243; shift_x=\u00bb0&#8243; shift_y=\u00bb0&#8243; shift_y_down=\u00bb0&#8243; z_index=\u00bb0&#8243; medium_width=\u00bb0&#8243; mobile_width=\u00bb0&#8243; radius=\u00bbsm\u00bb width=\u00bb1\/4&#8243;][vc_custom_heading heading_semantic=\u00bbh3&#8243; text_size=\u00bbh3&#8243; subheading=\u00bbEl contacto con el suelo de las p\u00faas del pick up se debe evitar siempre que sea posible. Con un pick up r\u00edgido llega r\u00e1pidamente a los l\u00edmites. La tecnolog\u00eda Respiro lo hace bien desde el inicio. Gracias a la flexibilidad del pick up es imposible un contacto agresivo con el suelo. No solo da buenas sensaciones durante el uso. Es la base para una calidad de forraje superior. Se cuida la capa de la hierba, lo que favorece el nuevo crecimiento.\u00bb]Sin contacto agresivo del suelo[\/vc_custom_heading][\/vc_column][vc_column column_width_percent=\u00bb100&#8243; gutter_size=\u00bb3&#8243; override_padding=\u00bbyes\u00bb column_padding=\u00bb2&#8243; back_color=\u00bbcolor-gyho\u00bb overlay_alpha=\u00bb50&#8243; shift_x=\u00bb0&#8243; shift_y=\u00bb0&#8243; shift_y_down=\u00bb0&#8243; z_index=\u00bb0&#8243; medium_width=\u00bb0&#8243; mobile_width=\u00bb0&#8243; radius=\u00bbsm\u00bb width=\u00bb1\/4&#8243;][vc_custom_heading heading_semantic=\u00bbh3&#8243; text_size=\u00bbh3&#8243; subheading=\u00bbLas p\u00faas del pick up tocan el suelo espor\u00e1dicamente. Con ello hay un desgaste m\u00ednimo de las p\u00faas. As\u00ed lo quiere cada usuario.\u00bb]Poco desgaste en las p\u00faas[\/vc_custom_heading][\/vc_column][vc_column column_width_percent=\u00bb100&#8243; gutter_size=\u00bb3&#8243; back_color=\u00bbcolor-gyho\u00bb overlay_alpha=\u00bb50&#8243; shift_x=\u00bb0&#8243; shift_y=\u00bb0&#8243; shift_y_down=\u00bb0&#8243; z_index=\u00bb0&#8243; medium_width=\u00bb0&#8243; mobile_width=\u00bb0&#8243; width=\u00bb1\/4&#8243;][vc_custom_heading heading_semantic=\u00bbh3&#8243; text_size=\u00bbh3&#8243; subheading=\u00bbEs imposible chocar el pick up contra el suelo. Las p\u00faas del pick up tocan el suelo muy raramente. La consecuencia l\u00f3gica es una m\u00e1xima vida \u00fatil de las p\u00faas. La pr\u00e1ctica lo confirma. Para el profesional y la empresa de servicios se suprime el cambio de p\u00faas y la picadora no traga cuerpos extra\u00f1os o peligrosos.\u00bb]Menos rotura de p\u00faas[\/vc_custom_heading][\/vc_column][\/vc_row]<\/p>\n<\/div>","protected":false},"excerpt":{"rendered":"<p>[vc_row row_height_percent=\u00bb50&#8243; back_color=\u00bbcolor-943002&#8243; back_image=\u00bb89232&#8243; overlay_alpha=\u00bb50&#8243; gutter_size=\u00bb3&#8243; column_width_percent=\u00bb100&#8243; shift_y=\u00bb0&#8243; z_index=\u00bb0&#8243;][vc_column column_width_percent=\u00bb100&#8243; gutter_size=\u00bb3&#8243; overlay_alpha=\u00bb50&#8243; shift_x=\u00bb0&#8243; shift_y=\u00bb0&#8243; shift_y_down=\u00bb0&#8243; z_index=\u00bb0&#8243; medium_width=\u00bb0&#8243; mobile_width=\u00bb0&#8243; width=\u00bb1\/1&#8243; mobile_height=\u00bb340&#8243;][\/vc_column][\/vc_row][vc_row [&hellip;]<\/p>\n","protected":false},"author":3,"featured_media":0,"parent":0,"menu_order":0,"comment_status":"closed","ping_status":"closed","template":"","meta":{"_monsterinsights_skip_tracking":false,"_monsterinsights_sitenote_active":false,"_monsterinsights_sitenote_note":"","_monsterinsights_sitenote_category":0,"footnotes":""},"class_list":["post-96342","page","type-page","status-publish","hentry"],"yoast_head":"<!-- This site is optimized with the Yoast SEO plugin v27.2 - https:\/\/yoast.com\/product\/yoast-seo-wordpress\/ -->\n<title>Detail Elastische Pick-Up (ESP) - Reiter RESPIRO - Bandschwader<\/title>\n<meta name=\"robots\" content=\"index, follow, max-snippet:-1, max-image-preview:large, max-video-preview:-1\" \/>\n<link rel=\"canonical\" href=\"https:\/\/www.reiter-respiro.com\/detail-elastische-pick-up\/\" \/>\n<meta property=\"og:locale\" content=\"es_ES\" \/>\n<meta property=\"og:type\" content=\"article\" \/>\n<meta property=\"og:title\" content=\"Detail Elastische Pick-Up (ESP) - Reiter RESPIRO - Bandschwader\" \/>\n<meta property=\"og:description\" content=\"[vc_row row_height_percent=\u00bb50&#8243; back_color=\u00bbcolor-943002&#8243; back_image=\u00bb89232&#8243; overlay_alpha=\u00bb50&#8243; gutter_size=\u00bb3&#8243; column_width_percent=\u00bb100&#8243; shift_y=\u00bb0&#8243; z_index=\u00bb0&#8243;][vc_column column_width_percent=\u00bb100&#8243; gutter_size=\u00bb3&#8243; overlay_alpha=\u00bb50&#8243; shift_x=\u00bb0&#8243; shift_y=\u00bb0&#8243; shift_y_down=\u00bb0&#8243; z_index=\u00bb0&#8243; medium_width=\u00bb0&#8243; mobile_width=\u00bb0&#8243; width=\u00bb1\/1&#8243; mobile_height=\u00bb340&#8243;][\/vc_column][\/vc_row][vc_row [&hellip;]\" \/>\n<meta property=\"og:url\" content=\"https:\/\/www.reiter-respiro.com\/detail-elastische-pick-up\/\" \/>\n<meta property=\"og:site_name\" content=\"Reiter RESPIRO - Bandschwader\" \/>\n<meta property=\"article:publisher\" content=\"https:\/\/www.facebook.com\/RT.Engineering.GmbH\/\" \/>\n<meta property=\"article:modified_time\" content=\"2024-08-27T07:53:28+00:00\" \/>\n<meta name=\"twitter:card\" content=\"summary_large_image\" \/>\n<meta name=\"twitter:label1\" content=\"Tiempo de lectura\" \/>\n\t<meta name=\"twitter:data1\" content=\"5 minutos\" \/>\n<script type=\"application\/ld+json\" class=\"yoast-schema-graph\">{\"@context\":\"https:\/\/schema.org\",\"@graph\":[{\"@type\":\"WebPage\",\"@id\":\"https:\/\/www.reiter-respiro.com\/detail-elastische-pick-up\/\",\"url\":\"https:\/\/www.reiter-respiro.com\/detail-elastische-pick-up\/\",\"name\":\"Detail Elastische Pick-Up (ESP) - Reiter RESPIRO - Bandschwader\",\"isPartOf\":{\"@id\":\"https:\/\/www.reiter-respiro.com\/#website\"},\"datePublished\":\"2022-07-05T11:57:21+00:00\",\"dateModified\":\"2024-08-27T07:53:28+00:00\",\"breadcrumb\":{\"@id\":\"https:\/\/www.reiter-respiro.com\/detail-elastische-pick-up\/#breadcrumb\"},\"inLanguage\":\"es\",\"potentialAction\":[{\"@type\":\"ReadAction\",\"target\":[\"https:\/\/www.reiter-respiro.com\/detail-elastische-pick-up\/\"]}]},{\"@type\":\"BreadcrumbList\",\"@id\":\"https:\/\/www.reiter-respiro.com\/detail-elastische-pick-up\/#breadcrumb\",\"itemListElement\":[{\"@type\":\"ListItem\",\"position\":1,\"name\":\"Startseite\",\"item\":\"https:\/\/www.reiter-respiro.com\/es\/\"},{\"@type\":\"ListItem\",\"position\":2,\"name\":\"Detail Elastische Pick-Up (ESP)\"}]},{\"@type\":\"WebSite\",\"@id\":\"https:\/\/www.reiter-respiro.com\/#website\",\"url\":\"https:\/\/www.reiter-respiro.com\/\",\"name\":\"Reiter RESPIRO - Bandschwader der Zukunft\",\"description\":\"Sauberstes Grundfutter\",\"publisher\":{\"@id\":\"https:\/\/www.reiter-respiro.com\/#organization\"},\"alternateName\":\"RESPIRO - So schwaden Profis\",\"potentialAction\":[{\"@type\":\"SearchAction\",\"target\":{\"@type\":\"EntryPoint\",\"urlTemplate\":\"https:\/\/www.reiter-respiro.com\/?s={search_term_string}\"},\"query-input\":{\"@type\":\"PropertyValueSpecification\",\"valueRequired\":true,\"valueName\":\"search_term_string\"}}],\"inLanguage\":\"es\"},{\"@type\":\"Organization\",\"@id\":\"https:\/\/www.reiter-respiro.com\/#organization\",\"name\":\"Reiter RESPIRO\",\"alternateName\":\"RT Engineering GmbH\",\"url\":\"https:\/\/www.reiter-respiro.com\/\",\"logo\":{\"@type\":\"ImageObject\",\"inLanguage\":\"es\",\"@id\":\"https:\/\/www.reiter-respiro.com\/#\/schema\/logo\/image\/\",\"url\":\"https:\/\/www.reiter-respiro.com\/wp-content\/uploads\/2019\/12\/logo_reiter_klein-1.png\",\"contentUrl\":\"https:\/\/www.reiter-respiro.com\/wp-content\/uploads\/2019\/12\/logo_reiter_klein-1.png\",\"width\":150,\"height\":50,\"caption\":\"Reiter RESPIRO\"},\"image\":{\"@id\":\"https:\/\/www.reiter-respiro.com\/#\/schema\/logo\/image\/\"},\"sameAs\":[\"https:\/\/www.facebook.com\/RT.Engineering.GmbH\/\",\"https:\/\/www.instagram.com\/reiter_respiro_official\/\",\"https:\/\/www.tiktok.com\/@reiter_respiro_official\"]}]}<\/script>\n<!-- \/ Yoast SEO plugin. -->","yoast_head_json":{"title":"Detail Elastische Pick-Up (ESP) - Reiter RESPIRO - Bandschwader","robots":{"index":"index","follow":"follow","max-snippet":"max-snippet:-1","max-image-preview":"max-image-preview:large","max-video-preview":"max-video-preview:-1"},"canonical":"https:\/\/www.reiter-respiro.com\/detail-elastische-pick-up\/","og_locale":"es_ES","og_type":"article","og_title":"Detail Elastische Pick-Up (ESP) - Reiter RESPIRO - Bandschwader","og_description":"[vc_row row_height_percent=\u00bb50&#8243; back_color=\u00bbcolor-943002&#8243; back_image=\u00bb89232&#8243; overlay_alpha=\u00bb50&#8243; gutter_size=\u00bb3&#8243; column_width_percent=\u00bb100&#8243; shift_y=\u00bb0&#8243; z_index=\u00bb0&#8243;][vc_column column_width_percent=\u00bb100&#8243; gutter_size=\u00bb3&#8243; overlay_alpha=\u00bb50&#8243; shift_x=\u00bb0&#8243; shift_y=\u00bb0&#8243; shift_y_down=\u00bb0&#8243; z_index=\u00bb0&#8243; medium_width=\u00bb0&#8243; mobile_width=\u00bb0&#8243; width=\u00bb1\/1&#8243; mobile_height=\u00bb340&#8243;][\/vc_column][\/vc_row][vc_row [&hellip;]","og_url":"https:\/\/www.reiter-respiro.com\/detail-elastische-pick-up\/","og_site_name":"Reiter RESPIRO - Bandschwader","article_publisher":"https:\/\/www.facebook.com\/RT.Engineering.GmbH\/","article_modified_time":"2024-08-27T07:53:28+00:00","twitter_card":"summary_large_image","twitter_misc":{"Tiempo de lectura":"5 minutos"},"schema":{"@context":"https:\/\/schema.org","@graph":[{"@type":"WebPage","@id":"https:\/\/www.reiter-respiro.com\/detail-elastische-pick-up\/","url":"https:\/\/www.reiter-respiro.com\/detail-elastische-pick-up\/","name":"Detail Elastische Pick-Up (ESP) - Reiter RESPIRO - Bandschwader","isPartOf":{"@id":"https:\/\/www.reiter-respiro.com\/#website"},"datePublished":"2022-07-05T11:57:21+00:00","dateModified":"2024-08-27T07:53:28+00:00","breadcrumb":{"@id":"https:\/\/www.reiter-respiro.com\/detail-elastische-pick-up\/#breadcrumb"},"inLanguage":"es","potentialAction":[{"@type":"ReadAction","target":["https:\/\/www.reiter-respiro.com\/detail-elastische-pick-up\/"]}]},{"@type":"BreadcrumbList","@id":"https:\/\/www.reiter-respiro.com\/detail-elastische-pick-up\/#breadcrumb","itemListElement":[{"@type":"ListItem","position":1,"name":"Startseite","item":"https:\/\/www.reiter-respiro.com\/es\/"},{"@type":"ListItem","position":2,"name":"Detail Elastische Pick-Up (ESP)"}]},{"@type":"WebSite","@id":"https:\/\/www.reiter-respiro.com\/#website","url":"https:\/\/www.reiter-respiro.com\/","name":"Reiter RESPIRO - Bandschwader der Zukunft","description":"Sauberstes Grundfutter","publisher":{"@id":"https:\/\/www.reiter-respiro.com\/#organization"},"alternateName":"RESPIRO - So schwaden Profis","potentialAction":[{"@type":"SearchAction","target":{"@type":"EntryPoint","urlTemplate":"https:\/\/www.reiter-respiro.com\/?s={search_term_string}"},"query-input":{"@type":"PropertyValueSpecification","valueRequired":true,"valueName":"search_term_string"}}],"inLanguage":"es"},{"@type":"Organization","@id":"https:\/\/www.reiter-respiro.com\/#organization","name":"Reiter RESPIRO","alternateName":"RT Engineering GmbH","url":"https:\/\/www.reiter-respiro.com\/","logo":{"@type":"ImageObject","inLanguage":"es","@id":"https:\/\/www.reiter-respiro.com\/#\/schema\/logo\/image\/","url":"https:\/\/www.reiter-respiro.com\/wp-content\/uploads\/2019\/12\/logo_reiter_klein-1.png","contentUrl":"https:\/\/www.reiter-respiro.com\/wp-content\/uploads\/2019\/12\/logo_reiter_klein-1.png","width":150,"height":50,"caption":"Reiter RESPIRO"},"image":{"@id":"https:\/\/www.reiter-respiro.com\/#\/schema\/logo\/image\/"},"sameAs":["https:\/\/www.facebook.com\/RT.Engineering.GmbH\/","https:\/\/www.instagram.com\/reiter_respiro_official\/","https:\/\/www.tiktok.com\/@reiter_respiro_official"]}]}},"_links":{"self":[{"href":"https:\/\/www.reiter-respiro.com\/es\/wp-json\/wp\/v2\/pages\/96342","targetHints":{"allow":["GET"]}}],"collection":[{"href":"https:\/\/www.reiter-respiro.com\/es\/wp-json\/wp\/v2\/pages"}],"about":[{"href":"https:\/\/www.reiter-respiro.com\/es\/wp-json\/wp\/v2\/types\/page"}],"author":[{"embeddable":true,"href":"https:\/\/www.reiter-respiro.com\/es\/wp-json\/wp\/v2\/users\/3"}],"replies":[{"embeddable":true,"href":"https:\/\/www.reiter-respiro.com\/es\/wp-json\/wp\/v2\/comments?post=96342"}],"version-history":[{"count":4,"href":"https:\/\/www.reiter-respiro.com\/es\/wp-json\/wp\/v2\/pages\/96342\/revisions"}],"predecessor-version":[{"id":108176,"href":"https:\/\/www.reiter-respiro.com\/es\/wp-json\/wp\/v2\/pages\/96342\/revisions\/108176"}],"wp:attachment":[{"href":"https:\/\/www.reiter-respiro.com\/es\/wp-json\/wp\/v2\/media?parent=96342"}],"curies":[{"name":"wp","href":"https:\/\/api.w.org\/{rel}","templated":true}]}}