{"id":88202,"date":"2020-02-25T10:16:09","date_gmt":"2020-02-25T09:16:09","guid":{"rendered":"https:\/\/www.reiter-respiro.com\/reiter-pie-de-imprenta\/"},"modified":"2025-12-19T08:07:58","modified_gmt":"2025-12-19T07:07:58","slug":"reiter-pie-de-imprenta","status":"publish","type":"page","link":"https:\/\/www.reiter-respiro.com\/es\/reiter-pie-de-imprenta\/","title":{"rendered":"Reiter: Pie de imprenta"},"content":{"rendered":"<div class=\"wpb-content-wrapper\"><p>[vc_row row_height_percent=\u00bb0&#8243; override_padding=\u00bbyes\u00bb h_padding=\u00bb2&#8243; top_padding=\u00bb5&#8243; bottom_padding=\u00bb5&#8243; back_color=\u00bbcolor-lxmt\u00bb overlay_alpha=\u00bb100&#8243; gutter_size=\u00bb3&#8243; column_width_percent=\u00bb100&#8243; shift_y=\u00bb0&#8243; z_index=\u00bb0&#8243; row_height_use_pixel=\u00bb\u00bb][vc_column column_width_use_pixel=\u00bbyes\u00bb align_horizontal=\u00bbalign_center\u00bb gutter_size=\u00bb3&#8243; overlay_alpha=\u00bb50&#8243; shift_x=\u00bb0&#8243; shift_y=\u00bb0&#8243; shift_y_down=\u00bb0&#8243; z_index=\u00bb0&#8243; medium_width=\u00bb0&#8243; mobile_width=\u00bb0&#8243; zoom_width=\u00bb0&#8243; zoom_height=\u00bb0&#8243; column_width_pixel=\u00bb600&#8243;][vc_row_inner row_inner_height_percent=\u00bb0&#8243; overlay_alpha=\u00bb50&#8243; gutter_size=\u00bb3&#8243; shift_y=\u00bb0&#8243; row_height_use_pixel=\u00bb\u00bb][vc_column_inner column_width_percent=\u00bb100&#8243; position_horizontal=\u00bbleft\u00bb align_horizontal=\u00bbalign_center\u00bb gutter_size=\u00bb3&#8243; overlay_alpha=\u00bb50&#8243; shift_x=\u00bb0&#8243; shift_y=\u00bb0&#8243; medium_width=\u00bb0&#8243; zoom_width=\u00bb0&#8243; zoom_height=\u00bb0&#8243; width=\u00bb1\/1&#8243;][vc_custom_heading heading_semantic=\u00bbh3&#8243; text_size=\u00bbbigtext\u00bb text_uppercase=\u00bb\u00bb]Pie de imprenta<\/p>\n<p>Reiter &#8211; Innovative Technology[\/vc_custom_heading][\/vc_column_inner][\/vc_row_inner][\/vc_column][\/vc_row][vc_row unlock_row_content=\u00bbyes\u00bb row_height_percent=\u00bb73&#8243; override_padding=\u00bbyes\u00bb h_padding=\u00bb0&#8243; top_padding=\u00bb0&#8243; bottom_padding=\u00bb0&#8243; overlay_alpha=\u00bb50&#8243; equal_height=\u00bbyes\u00bb gutter_size=\u00bb0&#8243; column_width_percent=\u00bb100&#8243; shift_y=\u00bb0&#8243; z_index=\u00bb0&#8243;][vc_column column_width_percent=\u00bb100&#8243; position_vertical=\u00bbmiddle\u00bb gutter_size=\u00bb3&#8243; override_padding=\u00bbyes\u00bb column_padding=\u00bb4&#8243; overlay_alpha=\u00bb50&#8243; shift_x=\u00bb0&#8243; shift_y=\u00bb0&#8243; shift_y_down=\u00bb0&#8243; z_index=\u00bb0&#8243; medium_width=\u00bb0&#8243; mobile_width=\u00bb0&#8243; width=\u00bb1\/3&#8243;][vc_custom_heading heading_semantic=\u00bbh1&#8243; text_font=\u00bbfont-156269&#8243; text_size=\u00bbh1&#8243; text_transform=\u00bbuppercase\u00bb text_space=\u00bbfontspace-781688&#8243; separator=\u00bbyes\u00bb separator_color=\u00bbyes\u00bb]<\/p>\n<p style=\"text-align: left;\">Pie de imprenta<\/p>\n<p>[\/vc_custom_heading][vc_column_text uncode_shortcode_id=\u00bb906660&#8243;]Deber de informar seg\u00fan \u00a75 Ley de Comercio Electr\u00f3nico, \u00a714 C\u00f3digo de la Compa\u00f1\u00eda, \u00a763 C\u00f3digo de Comercio y deber de divulgaci\u00f3n seg\u00fan \u00a725 Ley de Medios.<\/p>\n<p>RT Engineering GmbH<br \/>Eben 5a,<br \/>4716 Hofkirchen an der Trattnach,<br \/>\u00d6sterreich<\/p>\n<p><strong>Objeto de la empresa:<\/strong> Producci\u00f3n, comercio y distribuci\u00f3n de m\u00e1quinas y piezas<br \/><strong>N\u00famero UID:<\/strong> ATU68399039<br \/><strong>N\u00famero de registro de la empresa:<\/strong> FN 408221 a<br \/><strong>Tribunal del registro mercantil:<\/strong> Wels<br \/><strong>sede de la compa\u00f1\u00eda:<\/strong> 4716 Hofkirchen an der Trattnach<\/p>\n<p><strong>Tel\u00e9fono:<\/strong> +43 7248 66717-0<br \/><strong>Correo electr\u00f3nico:<\/strong> <a href=\"mailto:office@reiter-respiro.at\">office@reiter-respiro.at<\/a><\/p>\n<p><strong>Director General<\/strong><br \/>Dipl. Ing. Thomas Reiter<\/p>\n<p><a href=\"http:\/\/www.reiter-respiro.com\/agb\/\">Condiciones generales<\/a>[\/vc_column_text][\/vc_column][vc_column column_width_percent=\u00bb100&#8243; gutter_size=\u00bb3&#8243; back_image=\u00bb85424&#8243; overlay_alpha=\u00bb50&#8243; shift_x=\u00bb0&#8243; shift_y=\u00bb0&#8243; shift_y_down=\u00bb0&#8243; z_index=\u00bb0&#8243; medium_width=\u00bb0&#8243; mobile_width=\u00bb0&#8243; width=\u00bb2\/3&#8243; mobile_height=\u00bb300&#8243;][\/vc_column][\/vc_row][vc_row row_height_percent=\u00bb0&#8243; override_padding=\u00bbyes\u00bb h_padding=\u00bb2&#8243; top_padding=\u00bb5&#8243; bottom_padding=\u00bb5&#8243; overlay_alpha=\u00bb100&#8243; gutter_size=\u00bb3&#8243; column_width_percent=\u00bb100&#8243; shift_y=\u00bb0&#8243; z_index=\u00bb0&#8243; row_height_use_pixel=\u00bb\u00bb][vc_column column_width_use_pixel=\u00bbyes\u00bb align_horizontal=\u00bbalign_center\u00bb gutter_size=\u00bb3&#8243; overlay_alpha=\u00bb50&#8243; shift_x=\u00bb0&#8243; shift_y=\u00bb0&#8243; shift_y_down=\u00bb0&#8243; z_index=\u00bb0&#8243; medium_width=\u00bb0&#8243; mobile_width=\u00bb0&#8243; zoom_width=\u00bb0&#8243; zoom_height=\u00bb0&#8243; column_width_pixel=\u00bb600&#8243;][vc_row_inner row_inner_height_percent=\u00bb0&#8243; overlay_alpha=\u00bb50&#8243; gutter_size=\u00bb3&#8243; shift_y=\u00bb0&#8243; row_height_use_pixel=\u00bb\u00bb][vc_column_inner column_width_percent=\u00bb100&#8243; position_horizontal=\u00bbleft\u00bb align_horizontal=\u00bbalign_center\u00bb gutter_size=\u00bb3&#8243; overlay_alpha=\u00bb50&#8243; shift_x=\u00bb0&#8243; shift_y=\u00bb0&#8243; medium_width=\u00bb0&#8243; zoom_width=\u00bb0&#8243; zoom_height=\u00bb0&#8243; width=\u00bb1\/1&#8243;][vc_custom_heading heading_semantic=\u00bbh3&#8243; text_size=\u00bbbigtext\u00bb text_uppercase=\u00bb\u00bb]Resoluci\u00f3n de controversias, responsabilidad<br \/>Aviso de derechos de autor y cr\u00e9ditos de im\u00e1genes[\/vc_custom_heading][\/vc_column_inner][\/vc_row_inner][vc_column_text text_lead=\u00bbyes\u00bb]<strong>Resoluci\u00f3n de disputas de la UE<br \/>\n<\/strong>De conformidad con la Ordenanza sobre la resoluci\u00f3n de controversias en l\u00ednea en asuntos de consumo (Ordenanza ODR), nos gustar\u00eda informarle sobre la Plataforma de Resoluci\u00f3n de Disputas en L\u00ednea (Plataforma OS).<br \/>Los consumidores tienen la posibilidad de presentar quejas a la Plataforma de Resoluci\u00f3n de Disputas en L\u00ednea de la Comisi\u00f3n Europea en http:\/\/ec.europa.eu\/odr?tid=121239683. Encontrar\u00e1 los datos de contacto necesarios arriba en nuestra imprenta.<\/p>\n<p>Sin embargo, quisi\u00e9ramos se\u00f1alar que no estamos dispuestos ni obligados a participar en los procedimientos de resoluci\u00f3n de controversias ante un \u00f3rgano de resoluci\u00f3n de controversias de consumidores.<br \/>Responsabilidad por el contenido de este sitio web<\/p>\n<p><strong>Responsabilidad por el contenido de este sitio web<br \/>\n<\/strong>Nuestra p\u00e1gina web contiene enlaces a otras p\u00e1ginas web de cuyo contenido no somos responsables. Seg\u00fan el art\u00edculo 17 del C\u00f3digo de Comercio, no somos responsables de los sitios web vinculados, ya que no hemos tenido ni tenemos conocimiento de actividades ilegales, no hemos notado ninguna de esas ilegalidades y eliminar\u00edamos los v\u00ednculos inmediatamente si tuvi\u00e9ramos conocimiento de alguna ilegalidad.<\/p>\n<p>Si usted nota enlaces ilegales en nuestro sitio web, por favor, p\u00f3ngase en contacto con nosotros, encontrar\u00e1 los datos de contacto en el pie de imprenta.<br \/><strong><br \/>\nAviso de Copyright<\/strong><br \/>Todos los contenidos de este sitio web (fotos, textos, videos) est\u00e1n sujetos a derechos de autor. Si es necesario, perseguiremos legalmente el uso no autorizado de partes del contenido de nuestro sitio.<\/p>\n<p>Si encuentra alg\u00fan contenido en este sitio web que viole la ley de derechos de autor, por favor cont\u00e1ctenos.<br \/><strong><br \/>\nCr\u00e9ditos de las fotograf\u00edas<\/strong><br \/>Las im\u00e1genes, fotos y gr\u00e1ficos de este sitio web est\u00e1n protegidos por derechos de autor.[\/vc_column_text][\/vc_column][\/vc_row]<\/p>\n<\/div>","protected":false},"excerpt":{"rendered":"<p>[vc_row row_height_percent=\u00bb0&#8243; override_padding=\u00bbyes\u00bb h_padding=\u00bb2&#8243; top_padding=\u00bb5&#8243; bottom_padding=\u00bb5&#8243; back_color=\u00bbcolor-lxmt\u00bb overlay_alpha=\u00bb100&#8243; gutter_size=\u00bb3&#8243; column_width_percent=\u00bb100&#8243; shift_y=\u00bb0&#8243; z_index=\u00bb0&#8243; row_height_use_pixel=\u00bb\u00bb][vc_column column_width_use_pixel=\u00bbyes\u00bb align_horizontal=\u00bbalign_center\u00bb gutter_size=\u00bb3&#8243; overlay_alpha=\u00bb50&#8243; shift_x=\u00bb0&#8243; shift_y=\u00bb0&#8243; shift_y_down=\u00bb0&#8243; [&hellip;]<\/p>\n","protected":false},"author":1,"featured_media":11309,"parent":0,"menu_order":0,"comment_status":"closed","ping_status":"closed","template":"","meta":{"_monsterinsights_skip_tracking":false,"_monsterinsights_sitenote_active":false,"_monsterinsights_sitenote_note":"","_monsterinsights_sitenote_category":0,"footnotes":""},"class_list":["post-88202","page","type-page","status-publish","has-post-thumbnail","hentry"],"yoast_head":"<!-- This site is optimized with the Yoast SEO plugin v27.2 - https:\/\/yoast.com\/product\/yoast-seo-wordpress\/ -->\n<title>Reiter: Pie de imprenta - Reiter RESPIRO - Bandschwader<\/title>\n<meta name=\"robots\" content=\"index, follow, max-snippet:-1, max-image-preview:large, max-video-preview:-1\" \/>\n<link rel=\"canonical\" href=\"https:\/\/www.reiter-respiro.com\/reiter-impressum\/\" \/>\n<meta property=\"og:locale\" content=\"es_ES\" \/>\n<meta property=\"og:type\" content=\"article\" \/>\n<meta property=\"og:title\" content=\"Reiter: Pie de imprenta - Reiter RESPIRO - Bandschwader\" \/>\n<meta property=\"og:description\" content=\"[vc_row row_height_percent=\u00bb0&#8243; override_padding=\u00bbyes\u00bb h_padding=\u00bb2&#8243; top_padding=\u00bb5&#8243; bottom_padding=\u00bb5&#8243; back_color=\u00bbcolor-lxmt\u00bb overlay_alpha=\u00bb100&#8243; gutter_size=\u00bb3&#8243; column_width_percent=\u00bb100&#8243; shift_y=\u00bb0&#8243; z_index=\u00bb0&#8243; row_height_use_pixel=\u00bb\u00bb][vc_column column_width_use_pixel=\u00bbyes\u00bb align_horizontal=\u00bbalign_center\u00bb gutter_size=\u00bb3&#8243; overlay_alpha=\u00bb50&#8243; shift_x=\u00bb0&#8243; shift_y=\u00bb0&#8243; shift_y_down=\u00bb0&#8243; [&hellip;]\" \/>\n<meta property=\"og:url\" content=\"https:\/\/www.reiter-respiro.com\/reiter-impressum\/\" \/>\n<meta property=\"og:site_name\" content=\"Reiter RESPIRO - Bandschwader\" \/>\n<meta property=\"article:publisher\" content=\"https:\/\/www.facebook.com\/RT.Engineering.GmbH\/\" \/>\n<meta property=\"article:modified_time\" content=\"2025-12-19T07:07:58+00:00\" \/>\n<meta property=\"og:image\" content=\"https:\/\/www.reiter-respiro.com\/wp-content\/uploads\/2019\/10\/image-placeholder-5-min.jpg\" \/>\n\t<meta property=\"og:image:width\" content=\"1920\" \/>\n\t<meta property=\"og:image:height\" content=\"1280\" \/>\n\t<meta property=\"og:image:type\" content=\"image\/jpeg\" \/>\n<meta name=\"twitter:card\" content=\"summary_large_image\" \/>\n<meta name=\"twitter:label1\" content=\"Tiempo de lectura\" \/>\n\t<meta name=\"twitter:data1\" content=\"4 minutos\" \/>\n<script type=\"application\/ld+json\" class=\"yoast-schema-graph\">{\"@context\":\"https:\/\/schema.org\",\"@graph\":[{\"@type\":\"WebPage\",\"@id\":\"https:\/\/www.reiter-respiro.com\/reiter-impressum\/\",\"url\":\"https:\/\/www.reiter-respiro.com\/reiter-impressum\/\",\"name\":\"Reiter: Pie de imprenta - Reiter RESPIRO - Bandschwader\",\"isPartOf\":{\"@id\":\"https:\/\/www.reiter-respiro.com\/#website\"},\"primaryImageOfPage\":{\"@id\":\"https:\/\/www.reiter-respiro.com\/reiter-impressum\/#primaryimage\"},\"image\":{\"@id\":\"https:\/\/www.reiter-respiro.com\/reiter-impressum\/#primaryimage\"},\"thumbnailUrl\":\"https:\/\/www.reiter-respiro.com\/wp-content\/uploads\/2019\/10\/image-placeholder-5-min.jpg\",\"datePublished\":\"2020-02-25T09:16:09+00:00\",\"dateModified\":\"2025-12-19T07:07:58+00:00\",\"breadcrumb\":{\"@id\":\"https:\/\/www.reiter-respiro.com\/reiter-impressum\/#breadcrumb\"},\"inLanguage\":\"es\",\"potentialAction\":[{\"@type\":\"ReadAction\",\"target\":[\"https:\/\/www.reiter-respiro.com\/reiter-impressum\/\"]}]},{\"@type\":\"ImageObject\",\"inLanguage\":\"es\",\"@id\":\"https:\/\/www.reiter-respiro.com\/reiter-impressum\/#primaryimage\",\"url\":\"https:\/\/www.reiter-respiro.com\/wp-content\/uploads\/2019\/10\/image-placeholder-5-min.jpg\",\"contentUrl\":\"https:\/\/www.reiter-respiro.com\/wp-content\/uploads\/2019\/10\/image-placeholder-5-min.jpg\",\"width\":1920,\"height\":1280},{\"@type\":\"BreadcrumbList\",\"@id\":\"https:\/\/www.reiter-respiro.com\/reiter-impressum\/#breadcrumb\",\"itemListElement\":[{\"@type\":\"ListItem\",\"position\":1,\"name\":\"Startseite\",\"item\":\"https:\/\/www.reiter-respiro.com\/es\/\"},{\"@type\":\"ListItem\",\"position\":2,\"name\":\"Reiter: Pie de imprenta\"}]},{\"@type\":\"WebSite\",\"@id\":\"https:\/\/www.reiter-respiro.com\/#website\",\"url\":\"https:\/\/www.reiter-respiro.com\/\",\"name\":\"Reiter RESPIRO - Bandschwader der Zukunft\",\"description\":\"Sauberstes Grundfutter\",\"publisher\":{\"@id\":\"https:\/\/www.reiter-respiro.com\/#organization\"},\"alternateName\":\"RESPIRO - So schwaden Profis\",\"potentialAction\":[{\"@type\":\"SearchAction\",\"target\":{\"@type\":\"EntryPoint\",\"urlTemplate\":\"https:\/\/www.reiter-respiro.com\/?s={search_term_string}\"},\"query-input\":{\"@type\":\"PropertyValueSpecification\",\"valueRequired\":true,\"valueName\":\"search_term_string\"}}],\"inLanguage\":\"es\"},{\"@type\":\"Organization\",\"@id\":\"https:\/\/www.reiter-respiro.com\/#organization\",\"name\":\"Reiter RESPIRO\",\"alternateName\":\"RT Engineering GmbH\",\"url\":\"https:\/\/www.reiter-respiro.com\/\",\"logo\":{\"@type\":\"ImageObject\",\"inLanguage\":\"es\",\"@id\":\"https:\/\/www.reiter-respiro.com\/#\/schema\/logo\/image\/\",\"url\":\"https:\/\/www.reiter-respiro.com\/wp-content\/uploads\/2019\/12\/logo_reiter_klein-1.png\",\"contentUrl\":\"https:\/\/www.reiter-respiro.com\/wp-content\/uploads\/2019\/12\/logo_reiter_klein-1.png\",\"width\":150,\"height\":50,\"caption\":\"Reiter RESPIRO\"},\"image\":{\"@id\":\"https:\/\/www.reiter-respiro.com\/#\/schema\/logo\/image\/\"},\"sameAs\":[\"https:\/\/www.facebook.com\/RT.Engineering.GmbH\/\",\"https:\/\/www.instagram.com\/reiter_respiro_official\/\",\"https:\/\/www.tiktok.com\/@reiter_respiro_official\"]}]}<\/script>\n<!-- \/ Yoast SEO plugin. -->","yoast_head_json":{"title":"Reiter: Pie de imprenta - Reiter RESPIRO - Bandschwader","robots":{"index":"index","follow":"follow","max-snippet":"max-snippet:-1","max-image-preview":"max-image-preview:large","max-video-preview":"max-video-preview:-1"},"canonical":"https:\/\/www.reiter-respiro.com\/reiter-impressum\/","og_locale":"es_ES","og_type":"article","og_title":"Reiter: Pie de imprenta - Reiter RESPIRO - Bandschwader","og_description":"[vc_row row_height_percent=\u00bb0&#8243; override_padding=\u00bbyes\u00bb h_padding=\u00bb2&#8243; top_padding=\u00bb5&#8243; bottom_padding=\u00bb5&#8243; back_color=\u00bbcolor-lxmt\u00bb overlay_alpha=\u00bb100&#8243; gutter_size=\u00bb3&#8243; column_width_percent=\u00bb100&#8243; shift_y=\u00bb0&#8243; z_index=\u00bb0&#8243; row_height_use_pixel=\u00bb\u00bb][vc_column column_width_use_pixel=\u00bbyes\u00bb align_horizontal=\u00bbalign_center\u00bb gutter_size=\u00bb3&#8243; overlay_alpha=\u00bb50&#8243; shift_x=\u00bb0&#8243; shift_y=\u00bb0&#8243; shift_y_down=\u00bb0&#8243; [&hellip;]","og_url":"https:\/\/www.reiter-respiro.com\/reiter-impressum\/","og_site_name":"Reiter RESPIRO - Bandschwader","article_publisher":"https:\/\/www.facebook.com\/RT.Engineering.GmbH\/","article_modified_time":"2025-12-19T07:07:58+00:00","og_image":[{"width":1920,"height":1280,"url":"https:\/\/www.reiter-respiro.com\/wp-content\/uploads\/2019\/10\/image-placeholder-5-min.jpg","type":"image\/jpeg"}],"twitter_card":"summary_large_image","twitter_misc":{"Tiempo de lectura":"4 minutos"},"schema":{"@context":"https:\/\/schema.org","@graph":[{"@type":"WebPage","@id":"https:\/\/www.reiter-respiro.com\/reiter-impressum\/","url":"https:\/\/www.reiter-respiro.com\/reiter-impressum\/","name":"Reiter: Pie de imprenta - Reiter RESPIRO - Bandschwader","isPartOf":{"@id":"https:\/\/www.reiter-respiro.com\/#website"},"primaryImageOfPage":{"@id":"https:\/\/www.reiter-respiro.com\/reiter-impressum\/#primaryimage"},"image":{"@id":"https:\/\/www.reiter-respiro.com\/reiter-impressum\/#primaryimage"},"thumbnailUrl":"https:\/\/www.reiter-respiro.com\/wp-content\/uploads\/2019\/10\/image-placeholder-5-min.jpg","datePublished":"2020-02-25T09:16:09+00:00","dateModified":"2025-12-19T07:07:58+00:00","breadcrumb":{"@id":"https:\/\/www.reiter-respiro.com\/reiter-impressum\/#breadcrumb"},"inLanguage":"es","potentialAction":[{"@type":"ReadAction","target":["https:\/\/www.reiter-respiro.com\/reiter-impressum\/"]}]},{"@type":"ImageObject","inLanguage":"es","@id":"https:\/\/www.reiter-respiro.com\/reiter-impressum\/#primaryimage","url":"https:\/\/www.reiter-respiro.com\/wp-content\/uploads\/2019\/10\/image-placeholder-5-min.jpg","contentUrl":"https:\/\/www.reiter-respiro.com\/wp-content\/uploads\/2019\/10\/image-placeholder-5-min.jpg","width":1920,"height":1280},{"@type":"BreadcrumbList","@id":"https:\/\/www.reiter-respiro.com\/reiter-impressum\/#breadcrumb","itemListElement":[{"@type":"ListItem","position":1,"name":"Startseite","item":"https:\/\/www.reiter-respiro.com\/es\/"},{"@type":"ListItem","position":2,"name":"Reiter: Pie de imprenta"}]},{"@type":"WebSite","@id":"https:\/\/www.reiter-respiro.com\/#website","url":"https:\/\/www.reiter-respiro.com\/","name":"Reiter RESPIRO - Bandschwader der Zukunft","description":"Sauberstes Grundfutter","publisher":{"@id":"https:\/\/www.reiter-respiro.com\/#organization"},"alternateName":"RESPIRO - So schwaden Profis","potentialAction":[{"@type":"SearchAction","target":{"@type":"EntryPoint","urlTemplate":"https:\/\/www.reiter-respiro.com\/?s={search_term_string}"},"query-input":{"@type":"PropertyValueSpecification","valueRequired":true,"valueName":"search_term_string"}}],"inLanguage":"es"},{"@type":"Organization","@id":"https:\/\/www.reiter-respiro.com\/#organization","name":"Reiter RESPIRO","alternateName":"RT Engineering GmbH","url":"https:\/\/www.reiter-respiro.com\/","logo":{"@type":"ImageObject","inLanguage":"es","@id":"https:\/\/www.reiter-respiro.com\/#\/schema\/logo\/image\/","url":"https:\/\/www.reiter-respiro.com\/wp-content\/uploads\/2019\/12\/logo_reiter_klein-1.png","contentUrl":"https:\/\/www.reiter-respiro.com\/wp-content\/uploads\/2019\/12\/logo_reiter_klein-1.png","width":150,"height":50,"caption":"Reiter RESPIRO"},"image":{"@id":"https:\/\/www.reiter-respiro.com\/#\/schema\/logo\/image\/"},"sameAs":["https:\/\/www.facebook.com\/RT.Engineering.GmbH\/","https:\/\/www.instagram.com\/reiter_respiro_official\/","https:\/\/www.tiktok.com\/@reiter_respiro_official"]}]}},"_links":{"self":[{"href":"https:\/\/www.reiter-respiro.com\/es\/wp-json\/wp\/v2\/pages\/88202","targetHints":{"allow":["GET"]}}],"collection":[{"href":"https:\/\/www.reiter-respiro.com\/es\/wp-json\/wp\/v2\/pages"}],"about":[{"href":"https:\/\/www.reiter-respiro.com\/es\/wp-json\/wp\/v2\/types\/page"}],"author":[{"embeddable":true,"href":"https:\/\/www.reiter-respiro.com\/es\/wp-json\/wp\/v2\/users\/1"}],"replies":[{"embeddable":true,"href":"https:\/\/www.reiter-respiro.com\/es\/wp-json\/wp\/v2\/comments?post=88202"}],"version-history":[{"count":7,"href":"https:\/\/www.reiter-respiro.com\/es\/wp-json\/wp\/v2\/pages\/88202\/revisions"}],"predecessor-version":[{"id":112085,"href":"https:\/\/www.reiter-respiro.com\/es\/wp-json\/wp\/v2\/pages\/88202\/revisions\/112085"}],"wp:featuredmedia":[{"embeddable":true,"href":"https:\/\/www.reiter-respiro.com\/es\/wp-json\/wp\/v2\/media\/11309"}],"wp:attachment":[{"href":"https:\/\/www.reiter-respiro.com\/es\/wp-json\/wp\/v2\/media?parent=88202"}],"curies":[{"name":"wp","href":"https:\/\/api.w.org\/{rel}","templated":true}]}}